{"id":135563,"date":"2020-09-09T02:45:12","date_gmt":"2020-09-09T02:45:12","guid":{"rendered":"https:\/\/coloringonly.com\/obere-farbgebung\/"},"modified":"2020-09-09T02:45:12","modified_gmt":"2020-09-09T02:45:12","slug":"obere-farbgebung","status":"publish","type":"page","link":"https:\/\/coloringonly.com\/de\/obere-farbgebung\/","title":{"rendered":"Obere Farbgebung"},"content":{"rendered":"<div class=\"relative flex w-[calc(100%-50px)] flex-col gap-1 md:gap-3 lg:w-[calc(100%-115px)]\">\n<div class=\"flex flex-grow flex-col gap-3\">\n<div class=\"min-h-[20px] flex flex-col items-start gap-3 overflow-x-auto whitespace-pre-wrap break-words\">\n<div class=\"markdown prose w-full break-words dark:prose-invert light AIPRM__conversation__response\">\n<h1><strong>Entdecke Top Coloring: Eine Welt voller Spa\u00df erwartet dich!<\/strong><\/h1>\n<p>Mach dich bereit f\u00fcr unser <strong>Top Coloring<\/strong>! Unsere Kollektion deckt alle Interessen ab. Wenn du eine <a href=\"https:\/\/coloringonly.com\/games\/pokemon\/\" target=\"_blank\" rel=\"noopener\">Pokemon-Malvorlage<\/a> bist, kannst du deine Lieblingsfiguren ausmalen. F\u00fcr diejenigen, die gerne R\u00e4tsel l\u00f6sen, warten die <a href=\"https:\/\/coloringonly.com\/games\/among-us\/\" target=\"_blank\" rel=\"noopener\">Among Us Coloring Pages<\/a> auf deine farbenfrohe Note. Genie\u00dfen Sie <a href=\"https:\/\/coloringonly.com\/education\/color-by-number\/\" target=\"_blank\" rel=\"noopener\">Color by Number Coloring Pages<\/a> f\u00fcr eine entspannende k\u00fcnstlerische Erfahrung. Nat\u00fcrlich k\u00f6nnen die <a href=\"https:\/\/coloringonly.com\/super-heroes\/sonic\/\" target=\"_blank\" rel=\"noopener\">Sonic-Malvorlagen<\/a> ihren Helden mit leuchtenden Farben zum Leben erwecken. Und f\u00fcr noch mehr kreativen Spa\u00df, entdecken Sie unsere <a href=\"https:\/\/coloringonly.com\/category\/cartoon\/\" target=\"_blank\" rel=\"noopener\">Cartoon<\/a> und <a href=\"https:\/\/coloringonly.com\/category\/anime\/\" target=\"_blank\" rel=\"noopener\">Anime Malvorlagen<\/a>, die eine zus\u00e4tzliche Ebene des Vergn\u00fcgens zu Ihrer Malerei Reise hinzuf\u00fcgen.<\/p>\n<p>Mit einer Vielzahl von Themen werden Sie unendlich viel Freude am Ausmalen haben. Schnapp dir deine Malutensilien und lass deiner Fantasie freien Lauf.<\/p>\n<\/div>\n<\/div>\n<\/div>\n<\/div>\n","protected":false},"excerpt":{"rendered":"<p>Entdecke Top Coloring: Eine Welt voller Spa\u00df erwartet dich! Mach dich bereit f\u00fcr unser Top Coloring! Unsere Kollektion deckt alle Interessen ab. Wenn du eine Pokemon-Malvorlage bist, kannst du deine Lieblingsfiguren ausmalen. F\u00fcr diejenigen, die gerne R\u00e4tsel l\u00f6sen, warten die Among Us Coloring Pages auf deine farbenfrohe Note. Genie\u00dfen Sie Color by Number Coloring Pages [&hellip;]<\/p>\n","protected":false},"author":3,"featured_media":0,"parent":0,"menu_order":0,"comment_status":"closed","ping_status":"closed","template":"page-to-nhieu.php","meta":{"_acf_changed":false,"footnotes":""},"class_list":["post-135563","page","type-page","status-publish","hentry"],"acf":[],"yoast_head":"<!-- This site is optimized with the Yoast SEO plugin v27.4 - https:\/\/yoast.com\/product\/yoast-seo-wordpress\/ -->\n<title>Obere Farbgebung<\/title>\n<meta name=\"robots\" content=\"index, follow, max-snippet:-1, max-image-preview:large, max-video-preview:-1\" \/>\n<meta property=\"og:locale\" content=\"de_DE\" \/>\n<meta property=\"og:type\" content=\"article\" \/>\n<meta property=\"og:url\" content=\"https:\/\/coloringonly.com\/de\/obere-farbgebung\/\" \/>\n<meta property=\"og:site_name\" content=\"Malvorlagen\" \/>\n<meta property=\"article:publisher\" content=\"https:\/\/www.facebook.com\/Coloring-Only-104926520903807\" \/>\n<meta property=\"og:image\" content=\"https:\/\/coloringonly.com\/images\/imgcolor\/logo2.png\" \/>\n\t<meta property=\"og:image:width\" content=\"117\" \/>\n\t<meta property=\"og:image:height\" content=\"79\" \/>\n\t<meta property=\"og:image:type\" content=\"image\/png\" \/>\n<meta name=\"twitter:card\" content=\"summary_large_image\" \/>\n<meta name=\"twitter:site\" content=\"@ColoringO\" \/>\n<meta name=\"twitter:label1\" content=\"Est. reading time\" \/>\n\t<meta name=\"twitter:data1\" content=\"1 Minute\" \/>\n<!-- \/ Yoast SEO plugin. -->","yoast_head_json":{"title":"Obere Farbgebung","robots":{"index":"index","follow":"follow","max-snippet":"max-snippet:-1","max-image-preview":"max-image-preview:large","max-video-preview":"max-video-preview:-1"},"og_locale":"de_DE","og_type":"article","og_url":"https:\/\/coloringonly.com\/de\/obere-farbgebung\/","og_site_name":"Malvorlagen","article_publisher":"https:\/\/www.facebook.com\/Coloring-Only-104926520903807","og_image":[{"width":117,"height":79,"url":"https:\/\/coloringonly.com\/images\/imgcolor\/logo2.png","type":"image\/png"}],"twitter_card":"summary_large_image","twitter_site":"@ColoringO","twitter_misc":{"Est. reading time":"1 Minute"},"schema":{"@context":"https:\/\/schema.org","@graph":[{"@type":"WebPage","@id":"https:\/\/coloringonly.com\/de\/obere-farbgebung\/","url":"https:\/\/coloringonly.com\/de\/obere-farbgebung\/","name":"Obere Farbgebung Seiten - ColoringOnly.Com","isPartOf":{"@id":"https:\/\/coloringonly.com\/de\/#website"},"datePublished":"2020-09-09T02:45:12+00:00","description":"Top Printable Coloring Pages at ColoringOnly.Com, \u00fcber 50000 druckbare Malvorlagen f\u00fcr Kinder einschlie\u00dflich Tiere F\u00e4rbung, Cartoon F\u00e4rbung, Sport F\u00e4rbung und mehr!","breadcrumb":{"@id":"https:\/\/coloringonly.com\/de\/obere-farbgebung\/#breadcrumb"},"inLanguage":"de-DE","potentialAction":[{"@type":"ReadAction","target":["https:\/\/coloringonly.com\/de\/obere-farbgebung\/"]}]},{"@type":"BreadcrumbList","@id":"https:\/\/coloringonly.com\/de\/obere-farbgebung\/#breadcrumb","itemListElement":[{"@type":"ListItem","position":1,"name":"Startseite","item":"https:\/\/coloringonly.com\/de\/"},{"@type":"ListItem","position":2,"name":"Obere Farbgebung"}]},{"@type":"WebSite","@id":"https:\/\/coloringonly.com\/de\/#website","url":"https:\/\/coloringonly.com\/de\/","name":"Coloring Pages","description":"Kostenlose Malvorlagen zum Ausdrucken f\u00fcr Kinder","publisher":{"@id":"https:\/\/coloringonly.com\/de\/#organization"},"potentialAction":[{"@type":"SearchAction","target":{"@type":"EntryPoint","urlTemplate":"https:\/\/coloringonly.com\/de\/?s={search_term_string}"},"query-input":{"@type":"PropertyValueSpecification","valueRequired":true,"valueName":"search_term_string"}}],"inLanguage":"de-DE"},{"@type":"Organization","@id":"https:\/\/coloringonly.com\/de\/#organization","name":"Coloring pages","url":"https:\/\/coloringonly.com\/de\/","logo":{"@type":"ImageObject","inLanguage":"de-DE","@id":"https:\/\/coloringonly.com\/de\/#\/schema\/logo\/image\/","url":"https:\/\/coloringonly.com\/images\/imgcolor\/logo2.png","contentUrl":"https:\/\/coloringonly.com\/images\/imgcolor\/logo2.png","width":117,"height":79,"caption":"Coloring pages"},"image":{"@id":"https:\/\/coloringonly.com\/de\/#\/schema\/logo\/image\/"},"sameAs":["https:\/\/www.facebook.com\/Coloring-Only-104926520903807","https:\/\/x.com\/ColoringO"]}]}},"_links":{"self":[{"href":"https:\/\/coloringonly.com\/de\/wp-json\/wp\/v2\/pages\/135563","targetHints":{"allow":["GET"]}}],"collection":[{"href":"https:\/\/coloringonly.com\/de\/wp-json\/wp\/v2\/pages"}],"about":[{"href":"https:\/\/coloringonly.com\/de\/wp-json\/wp\/v2\/types\/page"}],"author":[{"embeddable":true,"href":"https:\/\/coloringonly.com\/de\/wp-json\/wp\/v2\/users\/3"}],"replies":[{"embeddable":true,"href":"https:\/\/coloringonly.com\/de\/wp-json\/wp\/v2\/comments?post=135563"}],"version-history":[{"count":0,"href":"https:\/\/coloringonly.com\/de\/wp-json\/wp\/v2\/pages\/135563\/revisions"}],"wp:attachment":[{"href":"https:\/\/coloringonly.com\/de\/wp-json\/wp\/v2\/media?parent=135563"}],"curies":[{"name":"wp","href":"https:\/\/api.w.org\/{rel}","templated":true}]}}