{"id":135569,"date":"2020-09-10T09:38:14","date_gmt":"2020-09-10T09:38:14","guid":{"rendered":"https:\/\/coloringonly.com\/bedingungen-von-uns\/"},"modified":"2023-11-27T10:21:52","modified_gmt":"2023-11-27T10:21:52","slug":"agb-von-uns","status":"publish","type":"page","link":"https:\/\/coloringonly.com\/de\/agb-von-uns\/","title":{"rendered":"Bedingungen von uns"},"content":{"rendered":"\n<p><strong>Bedingungen der Dienstleistung<\/strong><br\/><\/p>\n\n<p>Dieses Dokument beschreibt, was eine akzeptable Nutzung der ColoringOnly.com-Website, der damit verbundenen Webdienste und der Server-Infrastruktur darstellt. Au\u00dferdem erfahren Sie, wie wir unsere Inhalte moderieren und was Sie hinsichtlich Leistung und Verf\u00fcgbarkeit erwarten k\u00f6nnen.<\/p>\n\n<p><strong>Zugang<\/strong><br\/><\/p>\n\n<p>Diese Website ist f\u00fcr den Zugriff \u00fcber Standard-Webbrowser-Software und \u00e4hnliche Produkte durch direkte Interaktion mit einem Menschen bestimmt. Mit Ausnahme der \u00f6ffentlich zug\u00e4nglichen RSS-Feeds, die im XML-Format zur Verf\u00fcgung gestellt werden, sind die Website und die zugeh\u00f6rigen Dateien nicht f\u00fcr den automatisierten Zugriff durch Skripte, Bots oder automatisierte Anwendungen bestimmt.<br\/><\/p>\n\n<p>Seien Sie sich bewusst, dass, wenn Sie ein automatisiertes Mittel f\u00fcr den Zugriff oder das Herunterladen dieser Website, ganz oder teilweise, verwenden, Ihr Zugriff auf die Website entweder vor\u00fcbergehend oder dauerhaft verhindert, beendet, verz\u00f6gert oder verlangsamt werden kann, insbesondere wenn Sie versuchen, zu viele gro\u00dfe Dateien gleichzeitig herunterzuladen. Dies ist notwendig, um die Benutzerfreundlichkeit der Website f\u00fcr diejenigen zu sch\u00fctzen, die sie in der von ihren Autoren vorgesehenen Weise aufrufen.<br\/><\/p>\n\n<p>Bitte haben Sie Verst\u00e4ndnis daf\u00fcr, dass ein automatisierter Zugriff auf die Website \u00fcber Skripte, Bots oder \u00e4hnliche Mittel dazu f\u00fchren kann, dass die Leistung der Website erheblich beeintr\u00e4chtigt wird oder den Betreibern erhebliche zus\u00e4tzliche Kosten entstehen, ohne dass ausreichende Einnahmen zur Deckung dieser Kosten erzielt werden. Denken Sie daran, dass selbst geringf\u00fcgige Verst\u00f6\u00dfe gegen diese Richtlinie gro\u00dfe negative Auswirkungen haben k\u00f6nnen, wenn sie mit \u00e4hnlichen Aktionen anderer Nutzer kombiniert werden.<br\/><\/p>\n\n<p>Wir bitten Sie, die oben genannten Richtlinien zu beachten, damit wir die Website weiterhin als kostenlose Ressource f\u00fcr die Welt anbieten k\u00f6nnen. Wir ziehen es vor, unsere personellen und finanziellen Ressourcen zur Verbesserung und Erweiterung der Funktionen und Inhalte der Website einzusetzen. Ihre Mitarbeit ist unerl\u00e4sslich.<\/p>\n\n<p><strong>Cookies<\/strong><br\/><\/p>\n\n<p>W\u00e4hrend des Besuchs von ColoringOnly.com werden von Ihrem Webbrowser auf Anfrage unserer Server eine kleine Anzahl von Textdateien, sogenannte &#8220;Cookies&#8221;, auf Ihrem lokalen Dateisystem erstellt. Diese Dateien erm\u00f6glichen es uns, das Surferlebnis sowohl f\u00fcr registrierte als auch f\u00fcr nicht registrierte Nutzer zu personalisieren. Sie k\u00f6nnen sie jederzeit l\u00f6schen oder Ihren Browser so konfigurieren, dass er sie nicht erstellt. Wir k\u00f6nnen jedoch nicht garantieren, dass alle Funktionen von ColoringOnly.com ohne aktivierte Cookies wie erwartet funktionieren.<br\/><\/p>\n\n<p><strong>Dritte Werbetreibende<\/strong><br\/><\/p>\n\n<p>ColoringOnly.com schaltet Anzeigen, die von einer Reihe von Werbenetzwerken Dritter bereitgestellt werden. Die Praktiken unserer Werbepartner fallen nicht direkt unter die Datenschutzrichtlinie von ColoringOnly.com. Wir empfehlen Ihnen, deren Richtlinien zu lesen. Zu Ihrer Erleichterung stellen wir Ihnen unten eine Liste unserer Werbepartner zur Verf\u00fcgung. Leider k\u00f6nnen wir nicht garantieren, dass sie immer vollst\u00e4ndig und aktuell ist.<\/p>\n\n<p><strong>Verlinkung<\/strong><br\/><\/p>\n\n<p>Direkte Hyperlinks zu Bildern und anderen gro\u00dfen Dateien, die von ColoringOnly.com gehostet werden, sind ohne unsere Erlaubnis streng verboten. Sie k\u00f6nnen nat\u00fcrlich auch direkt auf einzelne HTML- oder XML-basierte Webseiten verlinken.<br\/>Mit Ausnahme der \u00f6ffentlich zug\u00e4nglichen RSS-Feeds im XML-Format d\u00fcrfen keine Dateien oder Dienste, die auf dieser Website gehostet werden, ohne ausdr\u00fcckliche schriftliche Genehmigung der Betreiber dieser Website in andere Online-Dienste oder Anwendungen integriert werden.<br\/><\/p>\n\n<p><strong>Von Benutzern eingereichte Inhalte<\/strong><br\/><\/p>\n\n<p>ColoringOnly.com ist eine von der Gemeinschaft unterst\u00fctzte Website, die sich f\u00fcr den Gro\u00dfteil ihrer Inhalte auf ihre Benutzergemeinschaft st\u00fctzt. Um die Qualit\u00e4t unseres Inhaltsangebots aufrechtzuerhalten, wird nur eine Teilmenge der Beitr\u00e4ge zur Ver\u00f6ffentlichung in \u00f6ffentlich zug\u00e4nglichen Teilen der Website ausgew\u00e4hlt.<br\/><\/p>\n\n<p>Einige der Inhalte von ColoringOnly.com k\u00f6nnen \u00f6ffentlich kommentiert werden, wobei der von den Benutzern eingereichte Text direkt auf der Seite erscheint und mit dem entsprechenden Inhalt verkn\u00fcpft ist. Es ist die Absicht der Betreiber und Architekten dieser Website, dass die Kommentarfunktion nur f\u00fcr konstruktives Feedback und andere Diskussionen genutzt wird, die direkt mit dem betreffenden Inhalt zusammenh\u00e4ngen. Es darf nicht f\u00fcr pers\u00f6nliche Beleidigungen, explizit oder implizit, themenfremde Diskussionen, rassistisch oder kulturell unsensibles Material, sexuelle Inhalte oder anderes Material, das nicht f\u00fcr ein Familienpublikum einschlie\u00dflich kleiner Kinder geeignet ist, verwendet werden.  <\/p>\n\n<p>Au\u00dferdem bitten wir darum, keine personenbezogenen Daten auf der Website zu ver\u00f6ffentlichen, unabh\u00e4ngig davon, ob sie sich auf Sie selbst oder eine andere Person beziehen. Kinder unter 13 Jahren d\u00fcrfen Kommentare oder andere Inhalte nur unter der Aufsicht eines Elternteils, Erziehungsberechtigten oder eines anderen verantwortlichen Erwachsenen ver\u00f6ffentlichen.<\/p>\n\n<p><strong>Leistung<\/strong><br\/><\/p>\n\n<p>Die Betreiber der Website bem\u00fchen sich nach Kr\u00e4ften, die Verf\u00fcgbarkeit und Leistungsf\u00e4higkeit von ColoringOnly.com und der damit verbundenen Dienste aufrechtzuerhalten. Betriebszeit und Erreichbarkeit k\u00f6nnen jedoch nicht garantiert werden. Die Website kann gelegentlich ganz oder teilweise unzug\u00e4nglich sein, und zwar aufgrund geplanter oder dringender Wartungsarbeiten, Funktionserweiterungen, Fehlerbehebungen, Servermigrationen, Hardware-Upgrades und -St\u00f6rungen oder einfach, um die unbefugte Nutzung, das Hacken oder die Ausnutzung der Website oder ihrer Ressourcen zu verhindern.<\/p>\n\n<p><strong>Haftung<\/strong><br\/><\/p>\n\n<p>ColoringOnly.com, seine Eigent\u00fcmer, Mitarbeiter, Auftragnehmer und Partner k\u00f6nnen nicht f\u00fcr Verluste, Sch\u00e4den oder Verletzungen haftbar gemacht werden, die durch die Nutzung oder das Vorhandensein von ColoringOnly.com, den zugeh\u00f6rigen Websites, Inhalten, Diensten oder der Infrastruktur entstehen.<br\/>Sollten Sie dennoch Bedenken bez\u00fcglich der Website haben, teilen Sie diese bitte den Betreibern \u00fcber den Link <a href=\"https:\/\/coloringonly.com\/about-us\/\">Kontakt mit<\/a>.<\/p>\n","protected":false},"excerpt":{"rendered":"<p>Bedingungen der Dienstleistung Dieses Dokument beschreibt, was eine akzeptable Nutzung der ColoringOnly.com-Website, der damit verbundenen Webdienste und der Server-Infrastruktur darstellt. Au\u00dferdem erfahren Sie, wie wir unsere Inhalte moderieren und was Sie hinsichtlich Leistung und Verf\u00fcgbarkeit erwarten k\u00f6nnen. Zugang Diese Website ist f\u00fcr den Zugriff \u00fcber Standard-Webbrowser-Software und \u00e4hnliche Produkte durch direkte Interaktion mit einem Menschen [&hellip;]<\/p>\n","protected":false},"author":3,"featured_media":0,"parent":0,"menu_order":0,"comment_status":"closed","ping_status":"closed","template":"","meta":{"_acf_changed":false,"footnotes":""},"class_list":["post-135569","page","type-page","status-publish","hentry"],"acf":[],"yoast_head":"<!-- This site is optimized with the Yoast SEO plugin v27.4 - https:\/\/yoast.com\/product\/yoast-seo-wordpress\/ -->\n<title>Bedingungen von uns<\/title>\n<meta name=\"robots\" content=\"index, follow, max-snippet:-1, max-image-preview:large, max-video-preview:-1\" \/>\n<meta property=\"og:locale\" content=\"de_DE\" \/>\n<meta property=\"og:type\" content=\"article\" \/>\n<meta property=\"og:url\" content=\"https:\/\/coloringonly.com\/de\/agb-von-uns\/\" \/>\n<meta property=\"og:site_name\" content=\"Malvorlagen\" \/>\n<meta property=\"article:publisher\" content=\"https:\/\/www.facebook.com\/Coloring-Only-104926520903807\" \/>\n<meta property=\"article:modified_time\" content=\"2023-11-27T10:21:52+00:00\" \/>\n<meta property=\"og:image\" content=\"https:\/\/coloringonly.com\/images\/imgcolor\/logo2.png\" \/>\n\t<meta property=\"og:image:width\" content=\"117\" \/>\n\t<meta property=\"og:image:height\" content=\"79\" \/>\n\t<meta property=\"og:image:type\" content=\"image\/png\" \/>\n<meta name=\"twitter:card\" content=\"summary_large_image\" \/>\n<meta name=\"twitter:site\" content=\"@ColoringO\" \/>\n<meta name=\"twitter:label1\" content=\"Est. reading time\" \/>\n\t<meta name=\"twitter:data1\" content=\"4 Minuten\" \/>\n<!-- \/ Yoast SEO plugin. -->","yoast_head_json":{"title":"Bedingungen von uns","robots":{"index":"index","follow":"follow","max-snippet":"max-snippet:-1","max-image-preview":"max-image-preview:large","max-video-preview":"max-video-preview:-1"},"og_locale":"de_DE","og_type":"article","og_url":"https:\/\/coloringonly.com\/de\/agb-von-uns\/","og_site_name":"Malvorlagen","article_publisher":"https:\/\/www.facebook.com\/Coloring-Only-104926520903807","article_modified_time":"2023-11-27T10:21:52+00:00","og_image":[{"width":117,"height":79,"url":"https:\/\/coloringonly.com\/images\/imgcolor\/logo2.png","type":"image\/png"}],"twitter_card":"summary_large_image","twitter_site":"@ColoringO","twitter_misc":{"Est. reading time":"4 Minuten"},"schema":{"@context":"https:\/\/schema.org","@graph":[{"@type":"WebPage","@id":"https:\/\/coloringonly.com\/de\/agb-von-uns\/","url":"https:\/\/coloringonly.com\/de\/agb-von-uns\/","name":"Allgemeine Gesch\u00e4ftsbedingungen - ColoringOnly.Com","isPartOf":{"@id":"https:\/\/coloringonly.com\/de\/#website"},"datePublished":"2020-09-10T09:38:14+00:00","dateModified":"2023-11-27T10:21:52+00:00","description":"Kostenlose ausdruckbare Malvorlagen f\u00fcr Kinder und Erwachsene. Downloaden und drucken Sie jedes Thema zum Ausmalen wie Autos, Cartoons, Tiere, Feiertage, W\u00f6rter und vieles mehr bei ColoringOnly.com!","breadcrumb":{"@id":"https:\/\/coloringonly.com\/de\/agb-von-uns\/#breadcrumb"},"inLanguage":"de-DE","potentialAction":[{"@type":"ReadAction","target":["https:\/\/coloringonly.com\/de\/agb-von-uns\/"]}]},{"@type":"BreadcrumbList","@id":"https:\/\/coloringonly.com\/de\/agb-von-uns\/#breadcrumb","itemListElement":[{"@type":"ListItem","position":1,"name":"Startseite","item":"https:\/\/coloringonly.com\/de\/"},{"@type":"ListItem","position":2,"name":"Bedingungen von uns"}]},{"@type":"WebSite","@id":"https:\/\/coloringonly.com\/de\/#website","url":"https:\/\/coloringonly.com\/de\/","name":"Coloring Pages","description":"Kostenlose Malvorlagen zum Ausdrucken f\u00fcr Kinder","publisher":{"@id":"https:\/\/coloringonly.com\/de\/#organization"},"potentialAction":[{"@type":"SearchAction","target":{"@type":"EntryPoint","urlTemplate":"https:\/\/coloringonly.com\/de\/?s={search_term_string}"},"query-input":{"@type":"PropertyValueSpecification","valueRequired":true,"valueName":"search_term_string"}}],"inLanguage":"de-DE"},{"@type":"Organization","@id":"https:\/\/coloringonly.com\/de\/#organization","name":"Coloring pages","url":"https:\/\/coloringonly.com\/de\/","logo":{"@type":"ImageObject","inLanguage":"de-DE","@id":"https:\/\/coloringonly.com\/de\/#\/schema\/logo\/image\/","url":"https:\/\/coloringonly.com\/images\/imgcolor\/logo2.png","contentUrl":"https:\/\/coloringonly.com\/images\/imgcolor\/logo2.png","width":117,"height":79,"caption":"Coloring pages"},"image":{"@id":"https:\/\/coloringonly.com\/de\/#\/schema\/logo\/image\/"},"sameAs":["https:\/\/www.facebook.com\/Coloring-Only-104926520903807","https:\/\/x.com\/ColoringO"]}]}},"_links":{"self":[{"href":"https:\/\/coloringonly.com\/de\/wp-json\/wp\/v2\/pages\/135569","targetHints":{"allow":["GET"]}}],"collection":[{"href":"https:\/\/coloringonly.com\/de\/wp-json\/wp\/v2\/pages"}],"about":[{"href":"https:\/\/coloringonly.com\/de\/wp-json\/wp\/v2\/types\/page"}],"author":[{"embeddable":true,"href":"https:\/\/coloringonly.com\/de\/wp-json\/wp\/v2\/users\/3"}],"replies":[{"embeddable":true,"href":"https:\/\/coloringonly.com\/de\/wp-json\/wp\/v2\/comments?post=135569"}],"version-history":[{"count":0,"href":"https:\/\/coloringonly.com\/de\/wp-json\/wp\/v2\/pages\/135569\/revisions"}],"wp:attachment":[{"href":"https:\/\/coloringonly.com\/de\/wp-json\/wp\/v2\/media?parent=135569"}],"curies":[{"name":"wp","href":"https:\/\/api.w.org\/{rel}","templated":true}]}}