{"id":16801,"date":"2022-04-16T01:00:28","date_gmt":"2022-04-15T18:00:28","guid":{"rendered":"https:\/\/coloriageimprimer.fr\/?page_id=16801"},"modified":"2022-04-16T01:00:32","modified_gmt":"2022-04-15T18:00:32","slug":"politique-de-confidentialite","status":"publish","type":"page","link":"https:\/\/coloringonly.com\/fr\/politique-de-confidentialite\/","title":{"rendered":"Politique de Confidentialit\u00e9"},"content":{"rendered":"\n<p>Les propri\u00e9taires et exploitants de ColoriageImprimer.fr prennent au s\u00e9rieux votre vie priv\u00e9e en ligne. Ce document d\u00e9crit les types d&#8217;informations collect\u00e9es par nos serveurs et fournit des liens vers les politiques de confidentialit\u00e9 de nos partenaires publicitaires tiers.<\/p>\n\n\n\n<p><strong>Comptes Utilisateur<\/strong><\/p>\n\n\n\n<p>L&#8217;adh\u00e9sion est une partie facultative de ColoriageImprimer.Fr. Aucun compte d&#8217;utilisateur n&#8217;est requis pour parcourir ou t\u00e9l\u00e9charger le contenu que nous fournissons. Cependant, la cr\u00e9ation d&#8217;un compte permet des fonctionnalit\u00e9s suppl\u00e9mentaires telles que (mais sans s&#8217;y limiter) la possibilit\u00e9 de soumettre du contenu.<\/p>\n\n\n\n<p>En cr\u00e9ant un compte, vous fournissez volontairement certaines informations vous concernant qui seront stock\u00e9es sur nos serveurs. Ces donn\u00e9es comprennent au minimum un nom d&#8217;utilisateur, un mot de passe et une adresse e-mail valide. Les informations de votre profil d&#8217;utilisateur sont publiques et peuvent appara\u00eetre sur notre site Web, \u00e0 l&#8217;exception de votre adresse e-mail et de votre mot de passe.<\/p>\n\n\n\n<p><strong>Enfants<\/strong><\/p>\n\n\n\n<p>Les enfants de moins de 13 ans ne doivent utiliser notre site Web que sous la supervision d&#8217;un parent, d&#8217;un tuteur ou d&#8217;un autre adulte responsable.<\/p>\n\n\n\n<p><strong>Donn\u00e9es d&#8217;Identification Personnelle<\/strong><\/p>\n\n\n\n<p>Nous d\u00e9conseillons fortement aux utilisateurs de saisir leur nom complet, leur num\u00e9ro de t\u00e9l\u00e9phone, leur adresse physique ou toute autre information sensible dans les profils d&#8217;utilisateurs, les commentaires ou d&#8217;autres zones du site. En outre, nous demandons aux mineurs et \u00e0 toute personne ayant une capacit\u00e9 de prise de d\u00e9cision limit\u00e9e de ne pas cr\u00e9er de compte sur ce site sans l&#8217;approbation et la supervision d&#8217;un tuteur.<\/p>\n\n\n\n<p>Nous nous effor\u00e7ons raisonnablement de surveiller les cas o\u00f9 les utilisateurs publient des informations personnellement identifiables sur d&#8217;autres personnes sur des parties publiques du site Web et suppriment le mat\u00e9riel offensant.<\/p>\n\n\n\n<p><strong>Journaux du Serveur<\/strong><\/p>\n\n\n\n<p>Comme d&#8217;autres sites Web, ColoriageImprimer.Fr enregistre les informations d&#8217;utilisation et d&#8217;acc\u00e8s au Web, \u00e0 la base de donn\u00e9es et \u00e0 d&#8217;autres logiciels de serveur. Ces informations peuvent inclure votre adresse de protocole Internet (IP), qui dans de nombreux cas peut \u00eatre traduite en une affiliation (telle que votre travail, votre \u00e9cole ou votre fournisseur de services Internet) ou un emplacement g\u00e9ographique. Nous n&#8217;utilisons ces informations qu&#8217;\u00e0 des fins de d\u00e9bogage et pour les agr\u00e9ger dans des statistiques d&#8217;utilisation et de trafic anonymes.<\/p>\n\n\n\n<p><strong>Cookies<\/strong><\/p>\n\n\n\n<p>Lors de votre navigation sur ColoriageImprimer.Fr, un petit nombre de fichiers texte d\u00e9nomm\u00e9s &#8220;cookies&#8221; sont cr\u00e9\u00e9s sur votre syst\u00e8me de fichiers local par votre navigateur internet \u00e0 la demande de nos serveurs. Ces fichiers nous permettent de personnaliser l&#8217;exp\u00e9rience de navigation pour les utilisateurs enregistr\u00e9s et non enregistr\u00e9s. Vous \u00eates libre de les supprimer \u00e0 tout moment, ou de configurer votre navigateur pour ne pas en cr\u00e9er. Cependant, nous ne garantissons pas que toutes les fonctionnalit\u00e9s de ColoriageImprimer.Fr fonctionneront comme pr\u00e9vu sans les cookies activ\u00e9s.<\/p>\n\n\n\n<p><strong>Annonceurs Tiers<\/strong><\/p>\n\n\n\n<p>ColoriageImprimer.Fr diffuse des publicit\u00e9s fournies par une gamme de r\u00e9seaux publicitaires tiers. Les pratiques de nos partenaires publicitaires ne sont pas directement couvertes par la politique de confidentialit\u00e9 de ColoriageImprimer.Fr. Nous vous recommandons de lire leurs politiques. Pour votre commodit\u00e9, nous fournissons une liste de nos partenaires publicitaires ci-dessous. Malheureusement, nous ne pouvons pas garantir qu&#8217;il soit toujours complet et \u00e0 jour.<\/p>\n\n\n\n<p><strong>Partage\/Vente de Donn\u00e9es<\/strong><\/p>\n\n\n\n<p>ColoriageImprimer.Fr ne partage ni ne vend des donn\u00e9es personnellement identifiables \u00e0 des tiers tels que des sp\u00e9cialistes du marketing direct. Nous respectons votre vie priv\u00e9e.<\/p>\n\n\n\n<p><strong>La Conservation des Donn\u00e9es&nbsp;<\/strong><\/p>\n\n\n\n<p>Les donn\u00e9es soumises et g\u00e9n\u00e9r\u00e9es par ce site Web peuvent \u00eatre copi\u00e9es sur des machines suppl\u00e9mentaires \u00e0 des fins de redondance et de sauvegarde.<\/p>\n","protected":false},"excerpt":{"rendered":"<p>Les propri\u00e9taires et exploitants de ColoriageImprimer.fr prennent au s\u00e9rieux votre vie priv\u00e9e en ligne. Ce document d\u00e9crit les types d&#8217;informations collect\u00e9es par nos serveurs et fournit des liens vers les politiques de confidentialit\u00e9 de nos partenaires publicitaires tiers. Comptes Utilisateur L&#8217;adh\u00e9sion est une partie facultative de ColoriageImprimer.Fr. Aucun compte d&#8217;utilisateur n&#8217;est requis pour parcourir ou [&hellip;]<\/p>\n","protected":false},"author":2,"featured_media":0,"parent":0,"menu_order":0,"comment_status":"closed","ping_status":"closed","template":"","meta":{"_acf_changed":false,"footnotes":""},"class_list":["post-16801","page","type-page","status-publish","hentry"],"acf":[],"yoast_head":"<!-- This site is optimized with the Yoast SEO plugin v27.4 - https:\/\/yoast.com\/product\/yoast-seo-wordpress\/ -->\n<title>Politique de Confidentialit\u00e9 - Coloriage \u00e0 imprimer gratuit<\/title>\n<meta name=\"robots\" content=\"index, follow, max-snippet:-1, max-image-preview:large, max-video-preview:-1\" \/>\n<link rel=\"canonical\" href=\"https:\/\/coloringonly.com\/fr\/politique-de-confidentialite\/\" \/>\n<meta property=\"og:locale\" content=\"en_US\" \/>\n<meta property=\"og:type\" content=\"article\" \/>\n<meta property=\"og:title\" content=\"Politique de Confidentialit\u00e9 - Coloriage \u00e0 imprimer gratuit\" \/>\n<meta property=\"og:description\" content=\"Les propri\u00e9taires et exploitants de ColoriageImprimer.fr prennent au s\u00e9rieux votre vie priv\u00e9e en ligne. Ce document d\u00e9crit les types d&#8217;informations collect\u00e9es par nos serveurs et fournit des liens vers les politiques de confidentialit\u00e9 de nos partenaires publicitaires tiers. Comptes Utilisateur L&#8217;adh\u00e9sion est une partie facultative de ColoriageImprimer.Fr. Aucun compte d&#8217;utilisateur n&#8217;est requis pour parcourir ou [&hellip;]\" \/>\n<meta property=\"og:url\" content=\"https:\/\/coloringonly.com\/fr\/politique-de-confidentialite\/\" \/>\n<meta property=\"og:site_name\" content=\"Coloriage \u00e0 imprimer gratuit\" \/>\n<meta property=\"article:modified_time\" content=\"2022-04-15T18:00:32+00:00\" \/>\n<meta name=\"twitter:card\" content=\"summary_large_image\" \/>\n<meta name=\"twitter:label1\" content=\"Est. reading time\" \/>\n\t<meta name=\"twitter:data1\" content=\"3 minutes\" \/>\n<script type=\"application\/ld+json\" class=\"yoast-schema-graph\">{\"@context\":\"https:\\\/\\\/schema.org\",\"@graph\":[{\"@type\":\"WebPage\",\"@id\":\"https:\\\/\\\/coloringonly.com\\\/fr\\\/politique-de-confidentialite\\\/\",\"url\":\"https:\\\/\\\/coloringonly.com\\\/fr\\\/politique-de-confidentialite\\\/\",\"name\":\"Politique de Confidentialit\u00e9 - Coloriage \u00e0 imprimer gratuit\",\"isPartOf\":{\"@id\":\"https:\\\/\\\/coloringonly.com\\\/fr\\\/#website\"},\"datePublished\":\"2022-04-15T18:00:28+00:00\",\"dateModified\":\"2022-04-15T18:00:32+00:00\",\"breadcrumb\":{\"@id\":\"https:\\\/\\\/coloringonly.com\\\/fr\\\/politique-de-confidentialite\\\/#breadcrumb\"},\"inLanguage\":\"en-US\",\"potentialAction\":[{\"@type\":\"ReadAction\",\"target\":[\"https:\\\/\\\/coloringonly.com\\\/fr\\\/politique-de-confidentialite\\\/\"]}]},{\"@type\":\"BreadcrumbList\",\"@id\":\"https:\\\/\\\/coloringonly.com\\\/fr\\\/politique-de-confidentialite\\\/#breadcrumb\",\"itemListElement\":[{\"@type\":\"ListItem\",\"position\":1,\"name\":\"Accueil\",\"item\":\"https:\\\/\\\/coloringonly.com\\\/fr\\\/\"},{\"@type\":\"ListItem\",\"position\":2,\"name\":\"Politique de Confidentialit\u00e9\"}]},{\"@type\":\"WebSite\",\"@id\":\"https:\\\/\\\/coloringonly.com\\\/fr\\\/#website\",\"url\":\"https:\\\/\\\/coloringonly.com\\\/fr\\\/\",\"name\":\"Coloriage \u00e0 imprimer gratuit\",\"description\":\"Dessins \u00e0 imprimer pour enfants\",\"potentialAction\":[{\"@type\":\"SearchAction\",\"target\":{\"@type\":\"EntryPoint\",\"urlTemplate\":\"https:\\\/\\\/coloringonly.com\\\/fr\\\/?s={search_term_string}\"},\"query-input\":{\"@type\":\"PropertyValueSpecification\",\"valueRequired\":true,\"valueName\":\"search_term_string\"}}],\"inLanguage\":\"en-US\"}]}<\/script>\n<!-- \/ Yoast SEO plugin. -->","yoast_head_json":{"title":"Politique de Confidentialit\u00e9 - Coloriage \u00e0 imprimer gratuit","robots":{"index":"index","follow":"follow","max-snippet":"max-snippet:-1","max-image-preview":"max-image-preview:large","max-video-preview":"max-video-preview:-1"},"canonical":"https:\/\/coloringonly.com\/fr\/politique-de-confidentialite\/","og_locale":"en_US","og_type":"article","og_title":"Politique de Confidentialit\u00e9 - Coloriage \u00e0 imprimer gratuit","og_description":"Les propri\u00e9taires et exploitants de ColoriageImprimer.fr prennent au s\u00e9rieux votre vie priv\u00e9e en ligne. Ce document d\u00e9crit les types d&#8217;informations collect\u00e9es par nos serveurs et fournit des liens vers les politiques de confidentialit\u00e9 de nos partenaires publicitaires tiers. Comptes Utilisateur L&#8217;adh\u00e9sion est une partie facultative de ColoriageImprimer.Fr. Aucun compte d&#8217;utilisateur n&#8217;est requis pour parcourir ou [&hellip;]","og_url":"https:\/\/coloringonly.com\/fr\/politique-de-confidentialite\/","og_site_name":"Coloriage \u00e0 imprimer gratuit","article_modified_time":"2022-04-15T18:00:32+00:00","twitter_card":"summary_large_image","twitter_misc":{"Est. reading time":"3 minutes"},"schema":{"@context":"https:\/\/schema.org","@graph":[{"@type":"WebPage","@id":"https:\/\/coloringonly.com\/fr\/politique-de-confidentialite\/","url":"https:\/\/coloringonly.com\/fr\/politique-de-confidentialite\/","name":"Politique de Confidentialit\u00e9 - Coloriage \u00e0 imprimer gratuit","isPartOf":{"@id":"https:\/\/coloringonly.com\/fr\/#website"},"datePublished":"2022-04-15T18:00:28+00:00","dateModified":"2022-04-15T18:00:32+00:00","breadcrumb":{"@id":"https:\/\/coloringonly.com\/fr\/politique-de-confidentialite\/#breadcrumb"},"inLanguage":"en-US","potentialAction":[{"@type":"ReadAction","target":["https:\/\/coloringonly.com\/fr\/politique-de-confidentialite\/"]}]},{"@type":"BreadcrumbList","@id":"https:\/\/coloringonly.com\/fr\/politique-de-confidentialite\/#breadcrumb","itemListElement":[{"@type":"ListItem","position":1,"name":"Accueil","item":"https:\/\/coloringonly.com\/fr\/"},{"@type":"ListItem","position":2,"name":"Politique de Confidentialit\u00e9"}]},{"@type":"WebSite","@id":"https:\/\/coloringonly.com\/fr\/#website","url":"https:\/\/coloringonly.com\/fr\/","name":"Coloriage \u00e0 imprimer gratuit","description":"Dessins \u00e0 imprimer pour enfants","potentialAction":[{"@type":"SearchAction","target":{"@type":"EntryPoint","urlTemplate":"https:\/\/coloringonly.com\/fr\/?s={search_term_string}"},"query-input":{"@type":"PropertyValueSpecification","valueRequired":true,"valueName":"search_term_string"}}],"inLanguage":"en-US"}]}},"_links":{"self":[{"href":"https:\/\/coloringonly.com\/fr\/wp-json\/wp\/v2\/pages\/16801","targetHints":{"allow":["GET"]}}],"collection":[{"href":"https:\/\/coloringonly.com\/fr\/wp-json\/wp\/v2\/pages"}],"about":[{"href":"https:\/\/coloringonly.com\/fr\/wp-json\/wp\/v2\/types\/page"}],"author":[{"embeddable":true,"href":"https:\/\/coloringonly.com\/fr\/wp-json\/wp\/v2\/users\/2"}],"replies":[{"embeddable":true,"href":"https:\/\/coloringonly.com\/fr\/wp-json\/wp\/v2\/comments?post=16801"}],"version-history":[{"count":0,"href":"https:\/\/coloringonly.com\/fr\/wp-json\/wp\/v2\/pages\/16801\/revisions"}],"wp:attachment":[{"href":"https:\/\/coloringonly.com\/fr\/wp-json\/wp\/v2\/media?parent=16801"}],"curies":[{"name":"wp","href":"https:\/\/api.w.org\/{rel}","templated":true}]}}