{"id":16803,"date":"2022-04-16T01:00:11","date_gmt":"2022-04-15T18:00:11","guid":{"rendered":"https:\/\/coloriageimprimer.fr\/?page_id=16803"},"modified":"2022-04-16T01:00:16","modified_gmt":"2022-04-15T18:00:16","slug":"conditions-dutilisation","status":"publish","type":"page","link":"https:\/\/coloringonly.com\/fr\/conditions-dutilisation\/","title":{"rendered":"Conditions dUtilisation"},"content":{"rendered":"\n<p>Ce document d\u00e9crit ce qui constitue une utilisation acceptable de ColoriageImprimer.Fr, de ses services Web associ\u00e9s et de l&#8217;infrastructure du serveur. Il couvre \u00e9galement notre politique de mod\u00e9ration de contenu et ce \u00e0 quoi vous pouvez vous attendre en mati\u00e8re de performances et de disponibilit\u00e9.<\/p>\n\n\n\n<p><strong>Acc\u00e9der<\/strong><\/p>\n\n\n\n<p>Ce site Web est destin\u00e9 \u00e0 \u00eatre accessible via un logiciel de navigation Web standard et des produits similaires via une interaction directe par un \u00eatre humain. \u00c0 l&#8217;exception des flux RSS accessibles au public fournis au format XML, le site Web et ses fichiers associ\u00e9s ne sont pas destin\u00e9s \u00e0 \u00eatre accessibles par des moyens automatis\u00e9s tels que des scripts, des robots ou des applications automatis\u00e9es.<\/p>\n\n\n\n<p>Sachez que si vous utilisez un moyen automatis\u00e9 d&#8217;acc\u00e8s ou de t\u00e9l\u00e9chargement de ce site Web, en tout ou en partie, votre acc\u00e8s au site peut \u00eatre emp\u00each\u00e9, interrompu, retard\u00e9 ou ralenti temporairement ou d\u00e9finitivement, en particulier si vous essayez de t\u00e9l\u00e9charger trop de nombreux fichiers volumineux simultan\u00e9ment. Cela est n\u00e9cessaire afin de prot\u00e9ger l&#8217;exp\u00e9rience utilisateur du site Web pour ceux qui y acc\u00e8dent de la mani\u00e8re envisag\u00e9e par ses auteurs.<\/p>\n\n\n\n<p>Veuillez comprendre que l&#8217;acc\u00e8s automatis\u00e9 au site, via des scripts, des bots ou d&#8217;autres moyens similaires, peut avoir pour effet de d\u00e9grader gravement les performances du site Web ou d&#8217;entra\u00eener des co\u00fbts suppl\u00e9mentaires importants pour ses op\u00e9rateurs sans revenus suffisants g\u00e9n\u00e9r\u00e9s pour couvrir ces co\u00fbts. Gardez \u00e0 l&#8217;esprit que m\u00eame des infractions mineures \u00e0 cette politique peuvent avoir un effet n\u00e9gatif important lorsqu&#8217;elles sont combin\u00e9es avec des actions similaires d&#8217;autres utilisateurs.<\/p>\n\n\n\n<p>Nous vous demandons de respecter les directives ci-dessus afin que nous puissions continuer \u00e0 offrir le site Web en tant que ressource gratuite au monde. Nous pr\u00e9f\u00e9rons utiliser nos ressources, tant humaines que financi\u00e8res, pour am\u00e9liorer et \u00e9tendre les fonctionnalit\u00e9s et le contenu du site Web. Votre collaboration est essentielle.<\/p>\n\n\n\n<p><strong>Cookies<\/strong><\/p>\n\n\n\n<p>Lors de votre navigation sur ColoriageImprimer.Fr, un petit nombre de fichiers texte d\u00e9nomm\u00e9s &#8220;cookies&#8221; sont cr\u00e9\u00e9s sur votre syst\u00e8me de fichiers local par votre navigateur internet \u00e0 la demande de nos serveurs. Ces fichiers nous permettent de personnaliser l&#8217;exp\u00e9rience de navigation pour les utilisateurs enregistr\u00e9s et non enregistr\u00e9s. Vous \u00eates libre de les supprimer \u00e0 tout moment, ou de configurer votre navigateur pour ne pas en cr\u00e9er. Cependant, nous ne garantissons pas que toutes les fonctionnalit\u00e9s de ColoriageImprimer.Fr fonctionneront comme pr\u00e9vu sans les cookies activ\u00e9s.<\/p>\n\n\n\n<p><strong>Annonceurs Tiers<\/strong><\/p>\n\n\n\n<p>ColoriageImprimer.Fr diffuse des publicit\u00e9s fournies par une gamme de r\u00e9seaux publicitaires tiers. Les pratiques de nos partenaires publicitaires ne sont pas directement couvertes par la politique de confidentialit\u00e9 de ColoriageImprimer.Fr. Nous vous recommandons de lire leurs politiques. Pour votre commodit\u00e9, nous fournissons une liste de nos partenaires publicitaires ci-dessous. Malheureusement, nous ne pouvons pas garantir qu&#8217;il soit toujours complet et \u00e0 jour.<\/p>\n\n\n\n<p><strong>Mise en relation<\/strong><\/p>\n\n\n\n<p>L&#8217;hyperlien direct vers des images et d&#8217;autres fichiers volumineux h\u00e9berg\u00e9s par ColoriageImprimer.Fr est strictement interdit sans notre permission. Vous pouvez bien s\u00fbr cr\u00e9er un lien direct vers des pages Web HTML ou XML individuelles.<\/p>\n\n\n\n<p>\u00c0 l&#8217;exception des flux RSS au format XML accessibles au public, aucun fichier ou service h\u00e9berg\u00e9 sur ce site Web ne doit \u00eatre int\u00e9gr\u00e9 \u00e0 un autre service ou application en ligne sans l&#8217;autorisation \u00e9crite expresse des op\u00e9rateurs de ce site Web.<\/p>\n\n\n\n<p><strong>Contenu soumis par l&#8217;utilisateur<\/strong><\/p>\n\n\n\n<p>ColoriageImprimer.Fr est un site Web pris en charge par la communaut\u00e9, s&#8217;appuyant sur sa communaut\u00e9 d&#8217;utilisateurs pour l&#8217;essentiel de son contenu principal. Afin de maintenir la qualit\u00e9 de nos offres de contenu, seul un sous-ensemble de soumissions est s\u00e9lectionn\u00e9 pour \u00eatre publi\u00e9 sur des parties du site Web accessibles au public.<\/p>\n\n\n\n<p>Une partie du contenu de ColoriageImprimer.Fr peut \u00eatre comment\u00e9e publiquement, le texte soumis par l&#8217;utilisateur apparaissant directement sur le site, associ\u00e9 au contenu appropri\u00e9. Il est de l&#8217;intention des op\u00e9rateurs et des architectes de ce site que la fonction de commentaire soit utilis\u00e9e uniquement pour des commentaires constructifs et d&#8217;autres discussions directement li\u00e9es au contenu en question. Il ne doit pas \u00eatre utilis\u00e9 pour des insultes personnelles, des discussions explicites ou implicites, hors sujet, du mat\u00e9riel insensible \u00e0 la race ou \u00e0 la culture, du contenu sexuel ou tout autre mat\u00e9riel non adapt\u00e9 \u00e0 un public familial, y compris de jeunes enfants. De plus, nous demandons que les informations personnellement identifiables ne soient pas publi\u00e9es sur le site Web, qu&#8217;elles se rapportent \u00e0 vous-m\u00eame ou \u00e0 une autre personne. Les enfants de moins de 13 ans ne doivent publier des commentaires ou d&#8217;autres contenus que sous la supervision d&#8217;un parent, d&#8217;un tuteur ou d&#8217;un autre adulte responsable.<\/p>\n\n\n\n<p><strong>Performance<\/strong><\/p>\n\n\n\n<p>Les op\u00e9rateurs du site Web s&#8217;efforcent raisonnablement de maintenir la disponibilit\u00e9 et les performances de ColoriageImprimer.Fr et de ses services associ\u00e9s. Cependant, la disponibilit\u00e9 et l&#8217;accessibilit\u00e9 ne peuvent \u00eatre garanties. Le site Web peut parfois \u00eatre inaccessible, en tout ou en partie, en raison d&#8217;une maintenance planifi\u00e9e ou d&#8217;urgence, de mises \u00e0 niveau de fonctionnalit\u00e9s, de corrections de bogues, de migrations de serveurs, de mises \u00e0 niveau et de pannes mat\u00e9rielles, ou simplement pour emp\u00eacher l&#8217;utilisation non autoris\u00e9e, le piratage ou l&#8217;exploitation du site Web. , ou ses ressources.<\/p>\n\n\n\n<p><strong>Responsabilit\u00e9<\/strong><\/p>\n\n\n\n<p>ColoriageImprimer.Fr, ses propri\u00e9taires, employ\u00e9s, sous-traitants et partenaires ne peuvent \u00eatre tenus l\u00e9galement responsables ou financi\u00e8rement responsables de toute perte, dommage ou blessure subi \u00e0 la suite de l&#8217;utilisation ou de l&#8217;existence de ColoriageImprimer.Fr, de ses sites associ\u00e9s, de son contenu, des services ou des infrastructures.<\/p>\n","protected":false},"excerpt":{"rendered":"<p>Ce document d\u00e9crit ce qui constitue une utilisation acceptable de ColoriageImprimer.Fr, de ses services Web associ\u00e9s et de l&#8217;infrastructure du serveur. Il couvre \u00e9galement notre politique de mod\u00e9ration de contenu et ce \u00e0 quoi vous pouvez vous attendre en mati\u00e8re de performances et de disponibilit\u00e9. Acc\u00e9der Ce site Web est destin\u00e9 \u00e0 \u00eatre accessible via [&hellip;]<\/p>\n","protected":false},"author":2,"featured_media":0,"parent":0,"menu_order":0,"comment_status":"closed","ping_status":"closed","template":"","meta":{"_acf_changed":false,"footnotes":""},"class_list":["post-16803","page","type-page","status-publish","hentry"],"acf":[],"yoast_head":"<!-- This site is optimized with the Yoast SEO plugin v27.4 - https:\/\/yoast.com\/product\/yoast-seo-wordpress\/ -->\n<title>Conditions dUtilisation - Coloriage \u00e0 imprimer gratuit<\/title>\n<meta name=\"robots\" content=\"index, follow, max-snippet:-1, max-image-preview:large, max-video-preview:-1\" \/>\n<link rel=\"canonical\" href=\"https:\/\/coloringonly.com\/fr\/conditions-dutilisation\/\" \/>\n<meta property=\"og:locale\" content=\"en_US\" \/>\n<meta property=\"og:type\" content=\"article\" \/>\n<meta property=\"og:title\" content=\"Conditions dUtilisation - Coloriage \u00e0 imprimer gratuit\" \/>\n<meta property=\"og:description\" content=\"Ce document d\u00e9crit ce qui constitue une utilisation acceptable de ColoriageImprimer.Fr, de ses services Web associ\u00e9s et de l&#8217;infrastructure du serveur. Il couvre \u00e9galement notre politique de mod\u00e9ration de contenu et ce \u00e0 quoi vous pouvez vous attendre en mati\u00e8re de performances et de disponibilit\u00e9. Acc\u00e9der Ce site Web est destin\u00e9 \u00e0 \u00eatre accessible via [&hellip;]\" \/>\n<meta property=\"og:url\" content=\"https:\/\/coloringonly.com\/fr\/conditions-dutilisation\/\" \/>\n<meta property=\"og:site_name\" content=\"Coloriage \u00e0 imprimer gratuit\" \/>\n<meta property=\"article:modified_time\" content=\"2022-04-15T18:00:16+00:00\" \/>\n<meta name=\"twitter:card\" content=\"summary_large_image\" \/>\n<meta name=\"twitter:label1\" content=\"Est. reading time\" \/>\n\t<meta name=\"twitter:data1\" content=\"5 minutes\" \/>\n<script type=\"application\/ld+json\" class=\"yoast-schema-graph\">{\"@context\":\"https:\\\/\\\/schema.org\",\"@graph\":[{\"@type\":\"WebPage\",\"@id\":\"https:\\\/\\\/coloringonly.com\\\/fr\\\/conditions-dutilisation\\\/\",\"url\":\"https:\\\/\\\/coloringonly.com\\\/fr\\\/conditions-dutilisation\\\/\",\"name\":\"Conditions dUtilisation - Coloriage \u00e0 imprimer gratuit\",\"isPartOf\":{\"@id\":\"https:\\\/\\\/coloringonly.com\\\/fr\\\/#website\"},\"datePublished\":\"2022-04-15T18:00:11+00:00\",\"dateModified\":\"2022-04-15T18:00:16+00:00\",\"breadcrumb\":{\"@id\":\"https:\\\/\\\/coloringonly.com\\\/fr\\\/conditions-dutilisation\\\/#breadcrumb\"},\"inLanguage\":\"en-US\",\"potentialAction\":[{\"@type\":\"ReadAction\",\"target\":[\"https:\\\/\\\/coloringonly.com\\\/fr\\\/conditions-dutilisation\\\/\"]}]},{\"@type\":\"BreadcrumbList\",\"@id\":\"https:\\\/\\\/coloringonly.com\\\/fr\\\/conditions-dutilisation\\\/#breadcrumb\",\"itemListElement\":[{\"@type\":\"ListItem\",\"position\":1,\"name\":\"Accueil\",\"item\":\"https:\\\/\\\/coloringonly.com\\\/fr\\\/\"},{\"@type\":\"ListItem\",\"position\":2,\"name\":\"Conditions dUtilisation\"}]},{\"@type\":\"WebSite\",\"@id\":\"https:\\\/\\\/coloringonly.com\\\/fr\\\/#website\",\"url\":\"https:\\\/\\\/coloringonly.com\\\/fr\\\/\",\"name\":\"Coloriage \u00e0 imprimer gratuit\",\"description\":\"Dessins \u00e0 imprimer pour enfants\",\"potentialAction\":[{\"@type\":\"SearchAction\",\"target\":{\"@type\":\"EntryPoint\",\"urlTemplate\":\"https:\\\/\\\/coloringonly.com\\\/fr\\\/?s={search_term_string}\"},\"query-input\":{\"@type\":\"PropertyValueSpecification\",\"valueRequired\":true,\"valueName\":\"search_term_string\"}}],\"inLanguage\":\"en-US\"}]}<\/script>\n<!-- \/ Yoast SEO plugin. -->","yoast_head_json":{"title":"Conditions dUtilisation - Coloriage \u00e0 imprimer gratuit","robots":{"index":"index","follow":"follow","max-snippet":"max-snippet:-1","max-image-preview":"max-image-preview:large","max-video-preview":"max-video-preview:-1"},"canonical":"https:\/\/coloringonly.com\/fr\/conditions-dutilisation\/","og_locale":"en_US","og_type":"article","og_title":"Conditions dUtilisation - Coloriage \u00e0 imprimer gratuit","og_description":"Ce document d\u00e9crit ce qui constitue une utilisation acceptable de ColoriageImprimer.Fr, de ses services Web associ\u00e9s et de l&#8217;infrastructure du serveur. Il couvre \u00e9galement notre politique de mod\u00e9ration de contenu et ce \u00e0 quoi vous pouvez vous attendre en mati\u00e8re de performances et de disponibilit\u00e9. Acc\u00e9der Ce site Web est destin\u00e9 \u00e0 \u00eatre accessible via [&hellip;]","og_url":"https:\/\/coloringonly.com\/fr\/conditions-dutilisation\/","og_site_name":"Coloriage \u00e0 imprimer gratuit","article_modified_time":"2022-04-15T18:00:16+00:00","twitter_card":"summary_large_image","twitter_misc":{"Est. reading time":"5 minutes"},"schema":{"@context":"https:\/\/schema.org","@graph":[{"@type":"WebPage","@id":"https:\/\/coloringonly.com\/fr\/conditions-dutilisation\/","url":"https:\/\/coloringonly.com\/fr\/conditions-dutilisation\/","name":"Conditions dUtilisation - Coloriage \u00e0 imprimer gratuit","isPartOf":{"@id":"https:\/\/coloringonly.com\/fr\/#website"},"datePublished":"2022-04-15T18:00:11+00:00","dateModified":"2022-04-15T18:00:16+00:00","breadcrumb":{"@id":"https:\/\/coloringonly.com\/fr\/conditions-dutilisation\/#breadcrumb"},"inLanguage":"en-US","potentialAction":[{"@type":"ReadAction","target":["https:\/\/coloringonly.com\/fr\/conditions-dutilisation\/"]}]},{"@type":"BreadcrumbList","@id":"https:\/\/coloringonly.com\/fr\/conditions-dutilisation\/#breadcrumb","itemListElement":[{"@type":"ListItem","position":1,"name":"Accueil","item":"https:\/\/coloringonly.com\/fr\/"},{"@type":"ListItem","position":2,"name":"Conditions dUtilisation"}]},{"@type":"WebSite","@id":"https:\/\/coloringonly.com\/fr\/#website","url":"https:\/\/coloringonly.com\/fr\/","name":"Coloriage \u00e0 imprimer gratuit","description":"Dessins \u00e0 imprimer pour enfants","potentialAction":[{"@type":"SearchAction","target":{"@type":"EntryPoint","urlTemplate":"https:\/\/coloringonly.com\/fr\/?s={search_term_string}"},"query-input":{"@type":"PropertyValueSpecification","valueRequired":true,"valueName":"search_term_string"}}],"inLanguage":"en-US"}]}},"_links":{"self":[{"href":"https:\/\/coloringonly.com\/fr\/wp-json\/wp\/v2\/pages\/16803","targetHints":{"allow":["GET"]}}],"collection":[{"href":"https:\/\/coloringonly.com\/fr\/wp-json\/wp\/v2\/pages"}],"about":[{"href":"https:\/\/coloringonly.com\/fr\/wp-json\/wp\/v2\/types\/page"}],"author":[{"embeddable":true,"href":"https:\/\/coloringonly.com\/fr\/wp-json\/wp\/v2\/users\/2"}],"replies":[{"embeddable":true,"href":"https:\/\/coloringonly.com\/fr\/wp-json\/wp\/v2\/comments?post=16803"}],"version-history":[{"count":0,"href":"https:\/\/coloringonly.com\/fr\/wp-json\/wp\/v2\/pages\/16803\/revisions"}],"wp:attachment":[{"href":"https:\/\/coloringonly.com\/fr\/wp-json\/wp\/v2\/media?parent=16803"}],"curies":[{"name":"wp","href":"https:\/\/api.w.org\/{rel}","templated":true}]}}