{"id":230711,"date":"2020-09-10T09:38:14","date_gmt":"2020-09-10T09:38:14","guid":{"rendered":"https:\/\/coloringonly.com\/termos-de-nos\/"},"modified":"2024-08-24T16:05:26","modified_gmt":"2024-08-24T16:05:26","slug":"termos-de-nos","status":"publish","type":"page","link":"https:\/\/coloringonly.com\/pt\/termos-de-nos\/","title":{"rendered":"Termos de n\u00f3s"},"content":{"rendered":"\n<p><strong>Termos de Servi\u00e7o<\/strong><br\/><\/p>\n\n<p>Este documento descreve o que constitui o uso aceit\u00e1vel do site ColoringOnly.com, seus servi\u00e7os da Web associados e a infraestrutura do servidor.\nEle tamb\u00e9m abrange nossa pol\u00edtica de modera\u00e7\u00e3o de conte\u00fado e o que voc\u00ea pode esperar em rela\u00e7\u00e3o ao desempenho e \u00e0 disponibilidade. <\/p>\n\n<p><strong>Acesso<\/strong><br\/><\/p>\n\n<p>Este site destina-se a ser acessado por meio de software de navegador padr\u00e3o e produtos semelhantes por meio de intera\u00e7\u00e3o direta por um ser humano.\nCom exce\u00e7\u00e3o dos feeds RSS acess\u00edveis ao p\u00fablico fornecidos em formato XML, o site e seus arquivos associados n\u00e3o devem ser acessados por nenhum meio automatizado, como scripts, bots ou aplicativos automatizados. <br\/><\/p>\n\n<p>Esteja ciente de que, se voc\u00ea utilizar um meio automatizado de acessar ou baixar este site, no todo ou em parte, seu acesso ao site poder\u00e1 ser impedido, encerrado, atrasado ou retardado tempor\u00e1ria ou permanentemente, especialmente se voc\u00ea tentar baixar muitos arquivos grandes simultaneamente.\nIsso \u00e9 necess\u00e1rio para proteger a experi\u00eancia do usu\u00e1rio do site para aqueles que o acessam da maneira imaginada por seus autores. <br\/><\/p>\n\n<p>Por favor, entenda que o acesso automatizado ao site, por meio de scripts, bots ou outros meios semelhantes, pode ter o efeito de degradar seriamente o desempenho do site ou incorrer em custos adicionais significativos para seus operadores sem receita suficiente gerada para cobrir esses custos.\nLembre-se de que mesmo pequenas infra\u00e7\u00f5es contra esta pol\u00edtica podem ter um grande efeito negativo quando combinadas com a\u00e7\u00f5es semelhantes de outros usu\u00e1rios. <br\/><\/p>\n\n<p>Pedimos que voc\u00ea respeite as diretrizes acima para que possamos continuar a oferecer o site como um recurso gratuito para o mundo.\nPreferimos usar nossos recursos, tanto humanos quanto financeiros, para melhorar e expandir os recursos e o conte\u00fado do site.\nSua coopera\u00e7\u00e3o \u00e9 essencial.  <\/p>\n\n<p><strong>Bolinhos<\/strong><br\/><\/p>\n\n<p>Durante a navega\u00e7\u00e3o ColoringOnly.com, um pequeno n\u00famero de arquivos de texto chamados de &#8220;cookies&#8221; \u00e9 criado em seu sistema de arquivos local pelo seu navegador da web a pedido de nossos servidores.\nEsses arquivos nos permitem personalizar a experi\u00eancia de navega\u00e7\u00e3o para usu\u00e1rios registrados e n\u00e3o registrados.\nVoc\u00ea \u00e9 livre para exclu\u00ed-los a qualquer momento ou configurar seu navegador para n\u00e3o cri\u00e1-los.\nNo entanto, n\u00e3o garantimos que todos os recursos do ColoringOnly.com funcionar\u00e3o conforme o esperado sem os cookies ativados.   <br\/><\/p>\n\n<p><strong>Anunciantes de terceiros<\/strong><br\/><\/p>\n\n<p>ColoringOnly.com veicula an\u00fancios fornecidos por uma variedade de redes de publicidade de terceiros.\nAs pr\u00e1ticas de nossos parceiros de publicidade n\u00e3o s\u00e3o diretamente cobertas pela pol\u00edtica de privacidade da ColoringOnly.com.\nRecomendamos que voc\u00ea leia suas pol\u00edticas.\nPara sua conveni\u00eancia, fornecemos uma lista de nossos parceiros de publicidade abaixo.\nInfelizmente, n\u00e3o podemos garantir que seja sempre abrangente e atualizado.    <\/p>\n\n<p><strong>Ligando<\/strong><br\/><\/p>\n\n<p>O hiperlink direto para imagens e outros arquivos grandes hospedados pelo ColoringOnly.com \u00e9 estritamente proibido sem nossa permiss\u00e3o.\n\u00c9 claro que voc\u00ea pode criar um link direto para p\u00e1ginas da web individuais baseadas em HTML ou XML.<br\/>Com exce\u00e7\u00e3o dos feeds RSS dispon\u00edveis publicamente em formato XML, nenhum arquivo ou servi\u00e7o hospedado neste site deve ser integrado a qualquer outro servi\u00e7o ou aplicativo on-line sem a permiss\u00e3o expressa por escrito dos operadores deste site. <br\/><\/p>\n\n<p><strong>Conte\u00fado enviado pelo usu\u00e1rio<\/strong><br\/><\/p>\n\n<p>ColoringOnly.com \u00e9 um site apoiado pela comunidade, contando com sua comunidade de usu\u00e1rios para a maior parte de seu conte\u00fado principal.\nPara manter a qualidade de nossas ofertas de conte\u00fado, apenas um subconjunto de envios \u00e9 selecionado para ser publicado em partes acess\u00edveis ao p\u00fablico do site. <br\/><\/p>\n\n<p>Parte do conte\u00fado do ColoringOnly.com pode ser comentado publicamente, com o texto enviado pelo usu\u00e1rio aparecendo diretamente no site, associado ao conte\u00fado apropriado.\n\u00c9 inten\u00e7\u00e3o dos operadores e arquitetos deste site que o recurso de coment\u00e1rios seja usado apenas para feedback construtivo e outras discuss\u00f5es diretamente relacionadas ao conte\u00fado em quest\u00e3o.\nN\u00e3o deve ser usado para insultos pessoais, expl\u00edcitos ou impl\u00edcitos, discuss\u00f5es fora do t\u00f3pico, material racial ou culturalmente insens\u00edvel, conte\u00fado sexual ou outro material n\u00e3o adequado para um p\u00fablico familiar, incluindo crian\u00e7as pequenas.    <\/p>\n\n<p>Al\u00e9m disso, pedimos que as informa\u00e7\u00f5es de identifica\u00e7\u00e3o pessoal n\u00e3o sejam publicadas no site, independentemente de pertencerem a voc\u00ea ou a outro indiv\u00edduo.\nCrian\u00e7as menores de 13 anos s\u00f3 devem postar coment\u00e1rios ou outro conte\u00fado sob a supervis\u00e3o de um dos pais, respons\u00e1vel ou outro adulto respons\u00e1vel. <\/p>\n\n<p><strong>Desempenho<\/strong><br\/><\/p>\n\n<p>Os operadores do site fazem uma tentativa razo\u00e1vel de manter a disponibilidade e o desempenho do ColoringOnly.com e seus servi\u00e7os associados.\nNo entanto, o tempo de atividade e a acessibilidade n\u00e3o podem ser garantidos.\nO site pode ocasionalmente ficar inacess\u00edvel, no todo ou em parte, devido a manuten\u00e7\u00e3o planejada ou de emerg\u00eancia, atualiza\u00e7\u00f5es de recursos, corre\u00e7\u00f5es de bugs, migra\u00e7\u00f5es de servidor, atualiza\u00e7\u00f5es e falhas de hardware ou simplesmente para evitar o uso n\u00e3o autorizado, hacking ou explora\u00e7\u00e3o do site ou de seus recursos.  <\/p>\n\n<p><strong>Responsabilidade<\/strong><br\/><\/p>\n\n<p>ColoringOnly.com, seus propriet\u00e1rios, funcion\u00e1rios, contratados e parceiros n\u00e3o ser\u00e3o responsabilizados legalmente ou financeiramente respons\u00e1veis por qualquer perda, dano ou les\u00e3o incorridos como resultado do uso ou exist\u00eancia de ColoringOnly.com, seus sites, conte\u00fado, servi\u00e7os ou infraestrutura associados.<br\/>Dito isto, se voc\u00ea tiver alguma d\u00favida sobre o site, informe-a aos operadores atrav\u00e9s do link <a href=\"https:\/\/coloringonly.com\/about-us\/\">Fale conosco<\/a> .<\/p>\n","protected":false},"excerpt":{"rendered":"<p>Termos de Servi\u00e7o Este documento descreve o que constitui o uso aceit\u00e1vel do site ColoringOnly.com, seus servi\u00e7os da Web associados e a infraestrutura do servidor. Ele tamb\u00e9m abrange nossa pol\u00edtica de modera\u00e7\u00e3o de conte\u00fado e o que voc\u00ea pode esperar em rela\u00e7\u00e3o ao desempenho e \u00e0 disponibilidade. Acesso Este site destina-se a ser acessado por [&hellip;]<\/p>\n","protected":false},"author":3,"featured_media":0,"parent":0,"menu_order":0,"comment_status":"closed","ping_status":"closed","template":"","meta":{"_acf_changed":false,"footnotes":""},"class_list":["post-230711","page","type-page","status-publish","hentry"],"acf":[],"yoast_head":"<!-- This site is optimized with the Yoast SEO plugin v27.4 - https:\/\/yoast.com\/product\/yoast-seo-wordpress\/ -->\n<title>Termos de n\u00f3s<\/title>\n<meta name=\"robots\" content=\"index, follow, max-snippet:-1, max-image-preview:large, max-video-preview:-1\" \/>\n<meta property=\"og:locale\" content=\"pt_BR\" \/>\n<meta property=\"og:type\" content=\"article\" \/>\n<meta property=\"og:url\" content=\"https:\/\/coloringonly.com\/pt\/termos-de-nos\/\" \/>\n<meta property=\"og:site_name\" content=\"Coloring Pages\" \/>\n<meta property=\"article:publisher\" content=\"https:\/\/www.facebook.com\/Coloring-Only-104926520903807\" \/>\n<meta property=\"article:modified_time\" content=\"2024-08-24T16:05:26+00:00\" \/>\n<meta property=\"og:image\" content=\"https:\/\/coloringonly.com\/images\/imgcolor\/logo2.png\" \/>\n\t<meta property=\"og:image:width\" content=\"117\" \/>\n\t<meta property=\"og:image:height\" content=\"79\" \/>\n\t<meta property=\"og:image:type\" content=\"image\/png\" \/>\n<meta name=\"twitter:card\" content=\"summary_large_image\" \/>\n<meta name=\"twitter:site\" content=\"@ColoringO\" \/>\n<meta name=\"twitter:label1\" content=\"Est. reading time\" \/>\n\t<meta name=\"twitter:data1\" content=\"5 minutos\" \/>\n<!-- \/ Yoast SEO plugin. -->","yoast_head_json":{"title":"Termos de n\u00f3s","robots":{"index":"index","follow":"follow","max-snippet":"max-snippet:-1","max-image-preview":"max-image-preview:large","max-video-preview":"max-video-preview:-1"},"og_locale":"pt_BR","og_type":"article","og_url":"https:\/\/coloringonly.com\/pt\/termos-de-nos\/","og_site_name":"Coloring Pages","article_publisher":"https:\/\/www.facebook.com\/Coloring-Only-104926520903807","article_modified_time":"2024-08-24T16:05:26+00:00","og_image":[{"width":117,"height":79,"url":"https:\/\/coloringonly.com\/images\/imgcolor\/logo2.png","type":"image\/png"}],"twitter_card":"summary_large_image","twitter_site":"@ColoringO","twitter_misc":{"Est. reading time":"5 minutos"},"schema":{"@context":"https:\/\/schema.org","@graph":[{"@type":"WebPage","@id":"https:\/\/coloringonly.com\/pt\/termos-de-nos\/","url":"https:\/\/coloringonly.com\/pt\/termos-de-nos\/","name":"Termos De N\u00f3s - ColoringOnly.Com","isPartOf":{"@id":"https:\/\/coloringonly.com\/pt\/#website"},"datePublished":"2020-09-10T09:38:14+00:00","dateModified":"2024-08-24T16:05:26+00:00","description":"Kostenlose ausdruckbare Malvorlagen f\u00fcr Kinder und Erwachsene. Downloaden und drucken Sie jedes Thema zum Ausmalen wie Autos, Cartoons, Tiere, Feiertage, W\u00f6rter und vieles mehr bei ColoringOnly.com!","breadcrumb":{"@id":"https:\/\/coloringonly.com\/pt\/termos-de-nos\/#breadcrumb"},"inLanguage":"pt-BR","potentialAction":[{"@type":"ReadAction","target":["https:\/\/coloringonly.com\/pt\/termos-de-nos\/"]}]},{"@type":"BreadcrumbList","@id":"https:\/\/coloringonly.com\/pt\/termos-de-nos\/#breadcrumb","itemListElement":[{"@type":"ListItem","position":1,"name":"Startseite","item":"https:\/\/coloringonly.com\/pt\/"},{"@type":"ListItem","position":2,"name":"Termos de n\u00f3s"}]},{"@type":"WebSite","@id":"https:\/\/coloringonly.com\/pt\/#website","url":"https:\/\/coloringonly.com\/pt\/","name":"Coloring Pages","description":"Free printable coloring pages for kids","publisher":{"@id":"https:\/\/coloringonly.com\/pt\/#organization"},"potentialAction":[{"@type":"SearchAction","target":{"@type":"EntryPoint","urlTemplate":"https:\/\/coloringonly.com\/pt\/?s={search_term_string}"},"query-input":{"@type":"PropertyValueSpecification","valueRequired":true,"valueName":"search_term_string"}}],"inLanguage":"pt-BR"},{"@type":"Organization","@id":"https:\/\/coloringonly.com\/pt\/#organization","name":"Coloring pages","url":"https:\/\/coloringonly.com\/pt\/","logo":{"@type":"ImageObject","inLanguage":"pt-BR","@id":"https:\/\/coloringonly.com\/pt\/#\/schema\/logo\/image\/","url":"https:\/\/coloringonly.com\/images\/imgcolor\/logo2.png","contentUrl":"https:\/\/coloringonly.com\/images\/imgcolor\/logo2.png","width":117,"height":79,"caption":"Coloring pages"},"image":{"@id":"https:\/\/coloringonly.com\/pt\/#\/schema\/logo\/image\/"},"sameAs":["https:\/\/www.facebook.com\/Coloring-Only-104926520903807","https:\/\/x.com\/ColoringO"]}]}},"_links":{"self":[{"href":"https:\/\/coloringonly.com\/pt\/wp-json\/wp\/v2\/pages\/230711","targetHints":{"allow":["GET"]}}],"collection":[{"href":"https:\/\/coloringonly.com\/pt\/wp-json\/wp\/v2\/pages"}],"about":[{"href":"https:\/\/coloringonly.com\/pt\/wp-json\/wp\/v2\/types\/page"}],"author":[{"embeddable":true,"href":"https:\/\/coloringonly.com\/pt\/wp-json\/wp\/v2\/users\/3"}],"replies":[{"embeddable":true,"href":"https:\/\/coloringonly.com\/pt\/wp-json\/wp\/v2\/comments?post=230711"}],"version-history":[{"count":0,"href":"https:\/\/coloringonly.com\/pt\/wp-json\/wp\/v2\/pages\/230711\/revisions"}],"wp:attachment":[{"href":"https:\/\/coloringonly.com\/pt\/wp-json\/wp\/v2\/media?parent=230711"}],"curies":[{"name":"wp","href":"https:\/\/api.w.org\/{rel}","templated":true}]}}