{"id":234014,"date":"2024-06-12T06:47:33","date_gmt":"2024-06-12T06:47:33","guid":{"rendered":"https:\/\/coloringonly.com\/jogos-para-criancas\/"},"modified":"2024-06-12T06:47:33","modified_gmt":"2024-06-12T06:47:33","slug":"jogos-para-criancas","status":"publish","type":"page","link":"https:\/\/coloringonly.com\/pt\/jogos-para-criancas\/","title":{"rendered":"Jogos para crian\u00e7as"},"content":{"rendered":"<p>Bem-vindo \u00e0 nossa se\u00e7\u00e3o de Jogos de Aprendizagem Divertidos, onde a educa\u00e7\u00e3o encontra a brincadeira em uma experi\u00eancia cheia de aventura para as crian\u00e7as!<br \/>\nNa Coloring Only, acreditamos que aprender deve ser t\u00e3o agrad\u00e1vel quanto colorir.<br \/>\n\u00c9 por isso que selecionamos uma cole\u00e7\u00e3o de jogos educativos projetados para despertar a curiosidade, aprimorar as habilidades cognitivas e promover o amor pelo aprendizado em crian\u00e7as de todas as idades.<br \/>\nCada jogo combina gr\u00e1ficos vibrantes, hist\u00f3rias envolventes e tarefas desafiadoras para criar um ambiente de aprendizado imersivo.<br \/>\nEsteja seu filho praticando n\u00fameros, explorando conceitos cient\u00edficos ou embarcando em aventuras de alfabetiza\u00e7\u00e3o, ele se divertir\u00e1 tanto que nem perceber\u00e1 que est\u00e1 aprendendo!<br \/>\nNossos jogos educativos s\u00e3o adequados para crian\u00e7as de v\u00e1rias faixas et\u00e1rias, garantindo que todas as crian\u00e7as encontrem algo para amar e aprender.<br \/>\nPortanto, deixe seu filho embarcar em uma jornada de descoberta, criatividade e aprendizado hoje &#8211; porque, na ColoringOnly.com, cada jogo \u00e9 uma oportunidade de explorar o mundo de maneiras novas e emocionantes.      <\/p>\n","protected":false},"excerpt":{"rendered":"<p>Bem-vindo \u00e0 nossa se\u00e7\u00e3o de Jogos de Aprendizagem Divertidos, onde a educa\u00e7\u00e3o encontra a brincadeira em uma experi\u00eancia cheia de aventura para as crian\u00e7as! Na Coloring Only, acreditamos que aprender deve ser t\u00e3o agrad\u00e1vel quanto colorir. \u00c9 por isso que selecionamos uma cole\u00e7\u00e3o de jogos educativos projetados para despertar a curiosidade, aprimorar as habilidades cognitivas [&hellip;]<\/p>\n","protected":false},"author":22,"featured_media":0,"parent":0,"menu_order":0,"comment_status":"closed","ping_status":"closed","template":"page-template\/coloring-game.php","meta":{"_acf_changed":false,"footnotes":""},"class_list":["post-234014","page","type-page","status-publish","hentry"],"acf":[],"yoast_head":"<!-- This site is optimized with the Yoast SEO plugin v27.5 - https:\/\/yoast.com\/product\/yoast-seo-wordpress\/ -->\n<title>Jogos para crian\u00e7as<\/title>\n<meta name=\"robots\" content=\"index, follow, max-snippet:-1, max-image-preview:large, max-video-preview:-1\" \/>\n<meta property=\"og:locale\" content=\"pt_BR\" \/>\n<meta property=\"og:type\" content=\"article\" \/>\n<meta property=\"og:url\" content=\"https:\/\/coloringonly.com\/pt\/jogos-para-criancas\/\" \/>\n<meta property=\"og:site_name\" content=\"Coloring Pages\" \/>\n<meta property=\"article:publisher\" content=\"https:\/\/www.facebook.com\/Coloring-Only-104926520903807\" \/>\n<meta property=\"og:image\" content=\"https:\/\/coloringonly.com\/images\/imgcolor\/logo2.png\" \/>\n\t<meta property=\"og:image:width\" content=\"117\" \/>\n\t<meta property=\"og:image:height\" content=\"79\" \/>\n\t<meta property=\"og:image:type\" content=\"image\/png\" \/>\n<meta name=\"twitter:card\" content=\"summary_large_image\" \/>\n<meta name=\"twitter:site\" content=\"@ColoringO\" \/>\n<meta name=\"twitter:label1\" content=\"Est. reading time\" \/>\n\t<meta name=\"twitter:data1\" content=\"1 minuto\" \/>\n<!-- \/ Yoast SEO plugin. -->","yoast_head_json":{"title":"Jogos para crian\u00e7as","robots":{"index":"index","follow":"follow","max-snippet":"max-snippet:-1","max-image-preview":"max-image-preview:large","max-video-preview":"max-video-preview:-1"},"og_locale":"pt_BR","og_type":"article","og_url":"https:\/\/coloringonly.com\/pt\/jogos-para-criancas\/","og_site_name":"Coloring Pages","article_publisher":"https:\/\/www.facebook.com\/Coloring-Only-104926520903807","og_image":[{"width":117,"height":79,"url":"https:\/\/coloringonly.com\/images\/imgcolor\/logo2.png","type":"image\/png"}],"twitter_card":"summary_large_image","twitter_site":"@ColoringO","twitter_misc":{"Est. reading time":"1 minuto"},"schema":{"@context":"https:\/\/schema.org","@graph":[{"@type":"WebPage","@id":"https:\/\/coloringonly.com\/pt\/jogos-para-criancas\/","url":"https:\/\/coloringonly.com\/pt\/jogos-para-criancas\/","name":"-","isPartOf":{"@id":"https:\/\/coloringonly.com\/pt\/#website"},"datePublished":"2024-06-12T06:47:33+00:00","description":"Kostenlose ausdruckbare Malvorlagen f\u00fcr Kinder und Erwachsene. Downloaden und drucken Sie jedes Thema zum Ausmalen wie Autos, Cartoons, Tiere, Feiertage, W\u00f6rter und vieles mehr bei ColoringOnly.com!","breadcrumb":{"@id":"https:\/\/coloringonly.com\/pt\/jogos-para-criancas\/#breadcrumb"},"inLanguage":"pt-BR","potentialAction":[{"@type":"ReadAction","target":["https:\/\/coloringonly.com\/pt\/jogos-para-criancas\/"]}]},{"@type":"BreadcrumbList","@id":"https:\/\/coloringonly.com\/pt\/jogos-para-criancas\/#breadcrumb","itemListElement":[{"@type":"ListItem","position":1,"name":"Startseite","item":"https:\/\/coloringonly.com\/pt\/"},{"@type":"ListItem","position":2,"name":"Jogos para crian\u00e7as"}]},{"@type":"WebSite","@id":"https:\/\/coloringonly.com\/pt\/#website","url":"https:\/\/coloringonly.com\/pt\/","name":"Coloring Pages","description":"Free printable coloring pages for kids","publisher":{"@id":"https:\/\/coloringonly.com\/pt\/#organization"},"potentialAction":[{"@type":"SearchAction","target":{"@type":"EntryPoint","urlTemplate":"https:\/\/coloringonly.com\/pt\/?s={search_term_string}"},"query-input":{"@type":"PropertyValueSpecification","valueRequired":true,"valueName":"search_term_string"}}],"inLanguage":"pt-BR"},{"@type":"Organization","@id":"https:\/\/coloringonly.com\/pt\/#organization","name":"Coloring pages","url":"https:\/\/coloringonly.com\/pt\/","logo":{"@type":"ImageObject","inLanguage":"pt-BR","@id":"https:\/\/coloringonly.com\/pt\/#\/schema\/logo\/image\/","url":"https:\/\/coloringonly.com\/images\/imgcolor\/logo2.png","contentUrl":"https:\/\/coloringonly.com\/images\/imgcolor\/logo2.png","width":117,"height":79,"caption":"Coloring pages"},"image":{"@id":"https:\/\/coloringonly.com\/pt\/#\/schema\/logo\/image\/"},"sameAs":["https:\/\/www.facebook.com\/Coloring-Only-104926520903807","https:\/\/x.com\/ColoringO"]}]}},"_links":{"self":[{"href":"https:\/\/coloringonly.com\/pt\/wp-json\/wp\/v2\/pages\/234014","targetHints":{"allow":["GET"]}}],"collection":[{"href":"https:\/\/coloringonly.com\/pt\/wp-json\/wp\/v2\/pages"}],"about":[{"href":"https:\/\/coloringonly.com\/pt\/wp-json\/wp\/v2\/types\/page"}],"author":[{"embeddable":true,"href":"https:\/\/coloringonly.com\/pt\/wp-json\/wp\/v2\/users\/22"}],"replies":[{"embeddable":true,"href":"https:\/\/coloringonly.com\/pt\/wp-json\/wp\/v2\/comments?post=234014"}],"version-history":[{"count":0,"href":"https:\/\/coloringonly.com\/pt\/wp-json\/wp\/v2\/pages\/234014\/revisions"}],"wp:attachment":[{"href":"https:\/\/coloringonly.com\/pt\/wp-json\/wp\/v2\/media?parent=234014"}],"curies":[{"name":"wp","href":"https:\/\/api.w.org\/{rel}","templated":true}]}}