{"id":234090,"date":"2023-07-14T05:01:46","date_gmt":"2023-07-14T05:01:46","guid":{"rendered":"https:\/\/coloringonly.com\/aprendendo-com-cores\/"},"modified":"2023-07-14T05:01:46","modified_gmt":"2023-07-14T05:01:46","slug":"aprendendo-com-cores","status":"publish","type":"page","link":"https:\/\/coloringonly.com\/pt\/aprendendo-com-cores\/","title":{"rendered":"Aprendendo com Cores"},"content":{"rendered":"<h1>Cole\u00e7\u00e3o de p\u00e1ginas para colorir educacionais para jovens aprendizes<\/h1>\n<p><span style=\"font-weight: 400; font-size: 14px;\">Nossa se\u00e7\u00e3o de p\u00e1ginas para colorir educacionais oferece uma biblioteca com curadoria de milhares de desenhos para colorir imprim\u00edveis projetados para aprimorar o aprendizado e inspirar a criatividade em crian\u00e7as da pr\u00e9-escola ao ensino m\u00e9dio. <\/span><span style=\"font-weight: 400; font-size: 14px;\">Voc\u00ea pode encontrar facilmente os desenhos para colorir perfeitos para combinar com as prefer\u00eancias e o n\u00edvel de aprendizado do seu filho. <\/span><span style=\"font-weight: 400; font-size: 14px;\">De <a href=\"https:\/\/coloringonly.com\/category\/animals\/\">desenhos de animais para colorir<\/a> \u00e0 natureza, espa\u00e7o, ci\u00eancia, hist\u00f3ria, arte e esportes, temos todos os seus interesses cobertos.<\/span><\/p>\n<p><span style=\"font-weight: 400; font-size: 14px;\">Comece a explorar nossa vasta biblioteca de p\u00e1ginas para colorir educacionais e veja seus pequenos prosperarem enquanto colorem, aprendem e crescem.  <\/span><\/p>\n","protected":false},"excerpt":{"rendered":"<p>Cole\u00e7\u00e3o de p\u00e1ginas para colorir educacionais para jovens aprendizes Nossa se\u00e7\u00e3o de p\u00e1ginas para colorir educacionais oferece uma biblioteca com curadoria de milhares de desenhos para colorir imprim\u00edveis projetados para aprimorar o aprendizado e inspirar a criatividade em crian\u00e7as da pr\u00e9-escola ao ensino m\u00e9dio. Voc\u00ea pode encontrar facilmente os desenhos para colorir perfeitos para combinar [&hellip;]<\/p>\n","protected":false},"author":3,"featured_media":234092,"parent":0,"menu_order":0,"comment_status":"closed","ping_status":"closed","template":"page-template\/education-tpl.php","meta":{"_acf_changed":false,"footnotes":""},"class_list":["post-234090","page","type-page","status-publish","has-post-thumbnail","hentry"],"acf":[],"yoast_head":"<!-- This site is optimized with the Yoast SEO plugin v27.4 - https:\/\/yoast.com\/product\/yoast-seo-wordpress\/ -->\n<title>Aprendendo com Cores<\/title>\n<meta name=\"robots\" content=\"index, follow, max-snippet:-1, max-image-preview:large, max-video-preview:-1\" \/>\n<meta property=\"og:locale\" content=\"pt_BR\" \/>\n<meta property=\"og:type\" content=\"article\" \/>\n<meta property=\"og:url\" content=\"https:\/\/coloringonly.com\/pt\/aprendendo-com-cores\/\" \/>\n<meta property=\"og:site_name\" content=\"Coloring Pages\" \/>\n<meta property=\"article:publisher\" content=\"https:\/\/www.facebook.com\/Coloring-Only-104926520903807\" \/>\n<meta property=\"og:image\" content=\"https:\/\/coloringonly.com\/images\/imgcolor\/coloring-adults-color-pencils.jpg\" \/>\n\t<meta property=\"og:image:width\" content=\"1920\" \/>\n\t<meta property=\"og:image:height\" content=\"350\" \/>\n\t<meta property=\"og:image:type\" content=\"image\/jpeg\" \/>\n<meta name=\"twitter:card\" content=\"summary_large_image\" \/>\n<meta name=\"twitter:site\" content=\"@ColoringO\" \/>\n<meta name=\"twitter:label1\" content=\"Est. reading time\" \/>\n\t<meta name=\"twitter:data1\" content=\"1 minuto\" \/>\n<!-- \/ Yoast SEO plugin. -->","yoast_head_json":{"title":"Aprendendo com Cores","robots":{"index":"index","follow":"follow","max-snippet":"max-snippet:-1","max-image-preview":"max-image-preview:large","max-video-preview":"max-video-preview:-1"},"og_locale":"pt_BR","og_type":"article","og_url":"https:\/\/coloringonly.com\/pt\/aprendendo-com-cores\/","og_site_name":"Coloring Pages","article_publisher":"https:\/\/www.facebook.com\/Coloring-Only-104926520903807","og_image":[{"width":1920,"height":350,"url":"https:\/\/coloringonly.com\/images\/imgcolor\/coloring-adults-color-pencils.jpg","type":"image\/jpeg"}],"twitter_card":"summary_large_image","twitter_site":"@ColoringO","twitter_misc":{"Est. reading time":"1 minuto"},"schema":{"@context":"https:\/\/schema.org","@graph":[{"@type":"WebPage","@id":"https:\/\/coloringonly.com\/pt\/aprendendo-com-cores\/","url":"https:\/\/coloringonly.com\/pt\/aprendendo-com-cores\/","name":"-","isPartOf":{"@id":"https:\/\/coloringonly.com\/pt\/#website"},"primaryImageOfPage":{"@id":"https:\/\/coloringonly.com\/pt\/aprendendo-com-cores\/#primaryimage"},"image":{"@id":"https:\/\/coloringonly.com\/pt\/aprendendo-com-cores\/#primaryimage"},"thumbnailUrl":"https:\/\/coloringonly.com\/images\/imgcolor\/coloring-adults-color-pencils.jpg","datePublished":"2023-07-14T05:01:46+00:00","description":"Descubra nossos desenhos para colorir selecionados para crian\u00e7as da pr\u00e9-escola ao ensino m\u00e9dio. Aumente o aprendizado e a criatividade com categorias espec\u00edficas para cada idade. Comece a colorir hoje!","breadcrumb":{"@id":"https:\/\/coloringonly.com\/pt\/aprendendo-com-cores\/#breadcrumb"},"inLanguage":"pt-BR","potentialAction":[{"@type":"ReadAction","target":["https:\/\/coloringonly.com\/pt\/aprendendo-com-cores\/"]}]},{"@type":"ImageObject","inLanguage":"pt-BR","@id":"https:\/\/coloringonly.com\/pt\/aprendendo-com-cores\/#primaryimage","url":"https:\/\/coloringonly.com\/images\/imgcolor\/coloring-adults-color-pencils.jpg","contentUrl":"https:\/\/coloringonly.com\/images\/imgcolor\/coloring-adults-color-pencils.jpg","width":1920,"height":350},{"@type":"BreadcrumbList","@id":"https:\/\/coloringonly.com\/pt\/aprendendo-com-cores\/#breadcrumb","itemListElement":[{"@type":"ListItem","position":1,"name":"Startseite","item":"https:\/\/coloringonly.com\/pt\/"},{"@type":"ListItem","position":2,"name":"Aprendendo com Cores"}]},{"@type":"WebSite","@id":"https:\/\/coloringonly.com\/pt\/#website","url":"https:\/\/coloringonly.com\/pt\/","name":"Coloring Pages","description":"Free printable coloring pages for kids","publisher":{"@id":"https:\/\/coloringonly.com\/pt\/#organization"},"potentialAction":[{"@type":"SearchAction","target":{"@type":"EntryPoint","urlTemplate":"https:\/\/coloringonly.com\/pt\/?s={search_term_string}"},"query-input":{"@type":"PropertyValueSpecification","valueRequired":true,"valueName":"search_term_string"}}],"inLanguage":"pt-BR"},{"@type":"Organization","@id":"https:\/\/coloringonly.com\/pt\/#organization","name":"Coloring pages","url":"https:\/\/coloringonly.com\/pt\/","logo":{"@type":"ImageObject","inLanguage":"pt-BR","@id":"https:\/\/coloringonly.com\/pt\/#\/schema\/logo\/image\/","url":"https:\/\/coloringonly.com\/images\/imgcolor\/logo2.png","contentUrl":"https:\/\/coloringonly.com\/images\/imgcolor\/logo2.png","width":117,"height":79,"caption":"Coloring pages"},"image":{"@id":"https:\/\/coloringonly.com\/pt\/#\/schema\/logo\/image\/"},"sameAs":["https:\/\/www.facebook.com\/Coloring-Only-104926520903807","https:\/\/x.com\/ColoringO"]}]}},"_links":{"self":[{"href":"https:\/\/coloringonly.com\/pt\/wp-json\/wp\/v2\/pages\/234090","targetHints":{"allow":["GET"]}}],"collection":[{"href":"https:\/\/coloringonly.com\/pt\/wp-json\/wp\/v2\/pages"}],"about":[{"href":"https:\/\/coloringonly.com\/pt\/wp-json\/wp\/v2\/types\/page"}],"author":[{"embeddable":true,"href":"https:\/\/coloringonly.com\/pt\/wp-json\/wp\/v2\/users\/3"}],"replies":[{"embeddable":true,"href":"https:\/\/coloringonly.com\/pt\/wp-json\/wp\/v2\/comments?post=234090"}],"version-history":[{"count":0,"href":"https:\/\/coloringonly.com\/pt\/wp-json\/wp\/v2\/pages\/234090\/revisions"}],"wp:featuredmedia":[{"embeddable":true,"href":"https:\/\/coloringonly.com\/pt\/wp-json\/wp\/v2\/media\/234092"}],"wp:attachment":[{"href":"https:\/\/coloringonly.com\/pt\/wp-json\/wp\/v2\/media?parent=234090"}],"curies":[{"name":"wp","href":"https:\/\/api.w.org\/{rel}","templated":true}]}}