{"id":339556,"date":"2026-03-30T13:33:15","date_gmt":"2026-03-30T13:33:15","guid":{"rendered":"https:\/\/coloringonly.com\/contate-nos\/"},"modified":"2026-03-30T13:33:15","modified_gmt":"2026-03-30T13:33:15","slug":"contate-nos","status":"publish","type":"page","link":"https:\/\/coloringonly.com\/pt\/contate-nos\/","title":{"rendered":"Contate-nos"},"content":{"rendered":"<p data-start=\"126\" data-end=\"184\">Tem alguma pergunta ou sugest\u00e3o? Adorar\u00edamos ouvir voc\u00ea. <\/p>\n<p data-start=\"186\" data-end=\"221\">Voc\u00ea pode nos contatar diretamente por e-mail.<\/p>\n<p data-start=\"223\" data-end=\"390\">Se voc\u00ea quiser sugerir uma nova p\u00e1gina para colorir ou material imprim\u00edvel, reportar um problema ou compartilhar feedback, fique \u00e0 vontade para nos contatar a qualquer <strong><em><a class=\"decorated-link cursor-pointer\" rel=\"noopener\" data-start=\"355\" data-end=\"387\">momento support@LH-support.freshdesk.com<\/a><\/em><\/strong>.<\/p>\n<p data-start=\"392\" data-end=\"461\">Verificamos nossa caixa de entrada regularmente e agradecemos cada mensagem que recebemos.<\/p>\n<p data-start=\"463\" data-end=\"503\">Obrigado por visitar o Coloring Only!<\/p>\n<p>&nbsp;<\/p>\n","protected":false},"excerpt":{"rendered":"<p>Tem alguma pergunta ou sugest\u00e3o? Adorar\u00edamos ouvir voc\u00ea. Voc\u00ea pode nos contatar diretamente por e-mail. Se voc\u00ea quiser sugerir uma nova p\u00e1gina para colorir ou material imprim\u00edvel, reportar um problema ou compartilhar feedback, fique \u00e0 vontade para nos contatar a qualquer momento support@LH-support.freshdesk.com. Verificamos nossa caixa de entrada regularmente e agradecemos cada mensagem que recebemos. [&hellip;]<\/p>\n","protected":false},"author":24,"featured_media":0,"parent":0,"menu_order":0,"comment_status":"closed","ping_status":"closed","template":"","meta":{"_acf_changed":false,"footnotes":""},"class_list":["post-339556","page","type-page","status-publish","hentry"],"acf":[],"yoast_head":"<!-- This site is optimized with the Yoast SEO plugin v27.4 - https:\/\/yoast.com\/product\/yoast-seo-wordpress\/ -->\n<title>Contate-nos<\/title>\n<meta name=\"robots\" content=\"index, follow, max-snippet:-1, max-image-preview:large, max-video-preview:-1\" \/>\n<meta property=\"og:locale\" content=\"pt_BR\" \/>\n<meta property=\"og:type\" content=\"article\" \/>\n<meta property=\"og:url\" content=\"https:\/\/coloringonly.com\/pt\/contate-nos\/\" \/>\n<meta property=\"og:site_name\" content=\"Coloring Pages\" \/>\n<meta property=\"article:publisher\" content=\"https:\/\/www.facebook.com\/Coloring-Only-104926520903807\" \/>\n<meta property=\"og:image\" content=\"https:\/\/coloringonly.com\/images\/imgcolor\/logo2.png\" \/>\n\t<meta property=\"og:image:width\" content=\"117\" \/>\n\t<meta property=\"og:image:height\" content=\"79\" \/>\n\t<meta property=\"og:image:type\" content=\"image\/png\" \/>\n<meta name=\"twitter:card\" content=\"summary_large_image\" \/>\n<meta name=\"twitter:site\" content=\"@ColoringO\" \/>\n<!-- \/ Yoast SEO plugin. -->","yoast_head_json":{"title":"Contate-nos","robots":{"index":"index","follow":"follow","max-snippet":"max-snippet:-1","max-image-preview":"max-image-preview:large","max-video-preview":"max-video-preview:-1"},"og_locale":"pt_BR","og_type":"article","og_url":"https:\/\/coloringonly.com\/pt\/contate-nos\/","og_site_name":"Coloring Pages","article_publisher":"https:\/\/www.facebook.com\/Coloring-Only-104926520903807","og_image":[{"width":117,"height":79,"url":"https:\/\/coloringonly.com\/images\/imgcolor\/logo2.png","type":"image\/png"}],"twitter_card":"summary_large_image","twitter_site":"@ColoringO","schema":{"@context":"https:\/\/schema.org","@graph":[{"@type":"WebPage","@id":"https:\/\/coloringonly.com\/pt\/contate-nos\/","url":"https:\/\/coloringonly.com\/pt\/contate-nos\/","name":"-","isPartOf":{"@id":"https:\/\/coloringonly.com\/pt\/#website"},"datePublished":"2026-03-30T13:33:15+00:00","description":"Kostenlose ausdruckbare Malvorlagen f\u00fcr Kinder und Erwachsene. Downloaden und drucken Sie jedes Thema zum Ausmalen wie Autos, Cartoons, Tiere, Feiertage, W\u00f6rter und vieles mehr bei ColoringOnly.com!","breadcrumb":{"@id":"https:\/\/coloringonly.com\/pt\/contate-nos\/#breadcrumb"},"inLanguage":"pt-BR","potentialAction":[{"@type":"ReadAction","target":["https:\/\/coloringonly.com\/pt\/contate-nos\/"]}]},{"@type":"BreadcrumbList","@id":"https:\/\/coloringonly.com\/pt\/contate-nos\/#breadcrumb","itemListElement":[{"@type":"ListItem","position":1,"name":"Startseite","item":"https:\/\/coloringonly.com\/pt\/"},{"@type":"ListItem","position":2,"name":"Contate-nos"}]},{"@type":"WebSite","@id":"https:\/\/coloringonly.com\/pt\/#website","url":"https:\/\/coloringonly.com\/pt\/","name":"Coloring Pages","description":"Free printable coloring pages for kids","publisher":{"@id":"https:\/\/coloringonly.com\/pt\/#organization"},"potentialAction":[{"@type":"SearchAction","target":{"@type":"EntryPoint","urlTemplate":"https:\/\/coloringonly.com\/pt\/?s={search_term_string}"},"query-input":{"@type":"PropertyValueSpecification","valueRequired":true,"valueName":"search_term_string"}}],"inLanguage":"pt-BR"},{"@type":"Organization","@id":"https:\/\/coloringonly.com\/pt\/#organization","name":"Coloring pages","url":"https:\/\/coloringonly.com\/pt\/","logo":{"@type":"ImageObject","inLanguage":"pt-BR","@id":"https:\/\/coloringonly.com\/pt\/#\/schema\/logo\/image\/","url":"https:\/\/coloringonly.com\/images\/imgcolor\/logo2.png","contentUrl":"https:\/\/coloringonly.com\/images\/imgcolor\/logo2.png","width":117,"height":79,"caption":"Coloring pages"},"image":{"@id":"https:\/\/coloringonly.com\/pt\/#\/schema\/logo\/image\/"},"sameAs":["https:\/\/www.facebook.com\/Coloring-Only-104926520903807","https:\/\/x.com\/ColoringO"]}]}},"_links":{"self":[{"href":"https:\/\/coloringonly.com\/pt\/wp-json\/wp\/v2\/pages\/339556","targetHints":{"allow":["GET"]}}],"collection":[{"href":"https:\/\/coloringonly.com\/pt\/wp-json\/wp\/v2\/pages"}],"about":[{"href":"https:\/\/coloringonly.com\/pt\/wp-json\/wp\/v2\/types\/page"}],"author":[{"embeddable":true,"href":"https:\/\/coloringonly.com\/pt\/wp-json\/wp\/v2\/users\/24"}],"replies":[{"embeddable":true,"href":"https:\/\/coloringonly.com\/pt\/wp-json\/wp\/v2\/comments?post=339556"}],"version-history":[{"count":0,"href":"https:\/\/coloringonly.com\/pt\/wp-json\/wp\/v2\/pages\/339556\/revisions"}],"wp:attachment":[{"href":"https:\/\/coloringonly.com\/pt\/wp-json\/wp\/v2\/media?parent=339556"}],"curies":[{"name":"wp","href":"https:\/\/api.w.org\/{rel}","templated":true}]}}